{"id":20028,"date":"2026-01-06T11:57:41","date_gmt":"2026-01-06T11:57:41","guid":{"rendered":"https:\/\/dev.jinekomasti.com\/?page_id=20028"},"modified":"2026-01-10T23:42:47","modified_gmt":"2026-01-10T23:42:47","slug":"yardim","status":"publish","type":"page","link":"https:\/\/jinekomasti.com\/en\/yardim\/","title":{"rendered":"Help"},"content":{"rendered":"<figure class=\"wp-block-table is-style-regular\"><table><tbody><tr><td class=\"has-text-align-center\" data-align=\"center\"><img loading=\"lazy\" decoding=\"async\" width=\"30\" height=\"44\" class=\"wp-image-14956\" style=\"width: 30px;\" src=\"http:\/\/jinekomasti.com\/wp-content\/uploads\/2012\/03\/question.jpg\" alt=\"question\"><\/td><td class=\"has-text-align-left\" data-align=\"left\"><strong><a href=\"https:\/\/jinekomasti.com\/en\/yardim\/nasil-satin-alirim\/\" data-type=\"page\" data-id=\"20249\">Nas\u0131l Sat\u0131n Al\u0131r\u0131m<\/a><\/strong><br><em>Web sitemizden nas\u0131l al\u0131\u015fveri\u015f yap\u0131laca\u011f\u0131n\u0131 g\u00f6steren yard\u0131mc\u0131 d\u00f6k\u00fcman<\/em><\/td><\/tr><tr><td class=\"has-text-align-center\" data-align=\"center\"><img loading=\"lazy\" decoding=\"async\" src=\"https:\/\/upload.wikimedia.org\/wikipedia\/commons\/e\/eb\/QA_icon.svg\" width=\"50\" height=\"50\"><\/td><td class=\"has-text-align-left\" data-align=\"left\"><strong><a href=\"https:\/\/jinekomasti.com\/en\/yardim\/sik-sorulan-sorular\/\" data-type=\"page\" data-id=\"20141\">Frequently Asked Questions<\/a><\/strong><br><em>M\u00fc\u015fterilerimizin en s\u0131k sordu\u011fu sorulara g\u00f6z atarak sorular\u0131n\u0131n cevab\u0131n\u0131 bul<\/em><\/td><\/tr><tr><td class=\"has-text-align-center\" data-align=\"center\"><img loading=\"lazy\" decoding=\"async\" src=\"http:\/\/cdn1.iconfinder.com\/data\/icons\/refresh_cl\/128\/System\/Security_Firewall_ON.png\" width=\"45\" height=\"45\"><\/td><td class=\"has-text-align-left\" data-align=\"left\"><strong><a href=\"https:\/\/jinekomasti.com\/en\/yardim\/guvenli-alisveris\/\" data-type=\"page\" data-id=\"20228\">G\u00fcvenli Al\u0131\u015fveri\u015f<\/a><\/strong><br><em>Jinekomasti.com&#8217;da al\u0131\u015fveri\u015f yaparken t\u00fcm bilgileriniz g\u00fcvende<\/em><\/td><\/tr><tr><td class=\"has-text-align-center\" data-align=\"center\"><img loading=\"lazy\" decoding=\"async\" src=\"http:\/\/cdn1.iconfinder.com\/data\/icons\/finance_icons\/PNG\/png128\/credit_card.png\" width=\"40\" height=\"40\"><\/td><td class=\"has-text-align-left\" data-align=\"left\"><strong><a href=\"https:\/\/jinekomasti.com\/en\/yardim\/odeme\/\" data-type=\"page\" data-id=\"20232\">Checkout<\/a><\/strong><br><em>\u00d6deme se\u00e7enekleri, banka hesap bilgileri, vb.<\/em><\/td><\/tr><tr><td class=\"has-text-align-center\" data-align=\"center\"><img loading=\"lazy\" decoding=\"async\" src=\"http:\/\/cdn1.iconfinder.com\/data\/icons\/containers\/63\/Shipping2.png\" width=\"45\" height=\"45\"><\/td><td class=\"has-text-align-left\" data-align=\"left\"><strong><a href=\"https:\/\/jinekomasti.com\/en\/yardim\/kargo\/\" data-type=\"page\" data-id=\"20235\">Kargo<\/a><\/strong><br><em>Kargo bilgileri, teslimat s\u00fcresi, takip kodu, vb.<\/em><\/td><\/tr><tr><td class=\"has-text-align-center\" data-align=\"center\"><img loading=\"lazy\" decoding=\"async\" src=\"http:\/\/cdn1.iconfinder.com\/data\/icons\/micro\/scalable\/mimetypes\/package-x-generic.png\" width=\"40\" height=\"40\"><\/td><td class=\"has-text-align-left\" data-align=\"left\"><strong><a href=\"https:\/\/jinekomasti.com\/en\/yardim\/iade-ve-degisim\/\" data-type=\"page\" data-id=\"85\">\u0130ade ve De\u011fi\u015fim<\/a><\/strong><br><em>\u0130ade ve de\u011fi\u015fim hakk\u0131nda<\/em><\/td><\/tr><tr><td class=\"has-text-align-center\" data-align=\"center\"><img loading=\"lazy\" decoding=\"async\" src=\"http:\/\/cdn1.iconfinder.com\/data\/icons\/Primo_Icons\/PNG\/128x128\/email_send.png\" width=\"50\" height=\"50\"><\/td><td class=\"has-text-align-left\" data-align=\"left\"><strong><a href=\"https:\/\/jinekomasti.com\/en\/yardim\/email-ile-sor\/\" data-type=\"page\" data-id=\"20244\">Email ile Sor<\/a><\/strong><br><em>Sorular\u0131n\u0131 email ile bize ula\u015ft\u0131r 24 saat i\u00e7inde cevaplans\u0131n<\/em><\/td><\/tr><tr><td class=\"has-text-align-center\" data-align=\"center\"><img loading=\"lazy\" decoding=\"async\" src=\"http:\/\/cdn1.iconfinder.com\/data\/icons\/iDroid_icons\/Phone.png\" width=\"40\" height=\"40\"><\/td><td class=\"has-text-align-left\" data-align=\"left\"><strong><a href=\"https:\/\/jinekomasti.com\/en\/yardim\/telefon-ile-sor\/\" data-type=\"page\" data-id=\"20213\">Telefon ile Sor<\/a><\/strong><br><em>Sorular\u0131n\u0131n cevab\u0131n\u0131 sitemizde bulamad\u0131ysan bize telefonla da ula\u015fabilirsin<\/em><\/td><\/tr><\/tbody><\/table><\/figure>\n\n\n\n<p><\/p>","protected":false},"excerpt":{"rendered":"<p>Nas\u0131l Sat\u0131n Al\u0131r\u0131mWeb sitemizden nas\u0131l al\u0131\u015fveri\u015f yap\u0131laca\u011f\u0131n\u0131 g\u00f6steren yard\u0131mc\u0131 d\u00f6k\u00fcman S\u0131k Sorulan SorularM\u00fc\u015fterilerimizin en s\u0131k sordu\u011fu sorulara g\u00f6z atarak sorular\u0131n\u0131n cevab\u0131n\u0131 bul G\u00fcvenli Al\u0131\u015fveri\u015fJinekomasti.com&#8217;da al\u0131\u015fveri\u015f yaparken t\u00fcm bilgileriniz g\u00fcvende \u00d6deme\u00d6deme se\u00e7enekleri, banka hesap bilgileri, vb. KargoKargo bilgileri, teslimat s\u00fcresi, takip kodu, vb. \u0130ade ve De\u011fi\u015fim\u0130ade ve de\u011fi\u015fim hakk\u0131nda Email ile SorSorular\u0131n\u0131 email ile bize ula\u015ft\u0131r [&hellip;]<\/p>\n","protected":false},"author":1,"featured_media":0,"parent":0,"menu_order":0,"comment_status":"closed","ping_status":"closed","template":"","meta":{"footnotes":""},"class_list":["post-20028","page","type-page","status-publish","hentry"],"blocksy_meta":{"page_structure_type":"type-1","styles_descriptor":{"styles":{"desktop":"","tablet":"","mobile":""},"google_fonts":[],"version":6}},"_links":{"self":[{"href":"https:\/\/jinekomasti.com\/en\/wp-json\/wp\/v2\/pages\/20028","targetHints":{"allow":["GET"]}}],"collection":[{"href":"https:\/\/jinekomasti.com\/en\/wp-json\/wp\/v2\/pages"}],"about":[{"href":"https:\/\/jinekomasti.com\/en\/wp-json\/wp\/v2\/types\/page"}],"author":[{"embeddable":true,"href":"https:\/\/jinekomasti.com\/en\/wp-json\/wp\/v2\/users\/1"}],"replies":[{"embeddable":true,"href":"https:\/\/jinekomasti.com\/en\/wp-json\/wp\/v2\/comments?post=20028"}],"version-history":[{"count":12,"href":"https:\/\/jinekomasti.com\/en\/wp-json\/wp\/v2\/pages\/20028\/revisions"}],"predecessor-version":[{"id":20256,"href":"https:\/\/jinekomasti.com\/en\/wp-json\/wp\/v2\/pages\/20028\/revisions\/20256"}],"wp:attachment":[{"href":"https:\/\/jinekomasti.com\/en\/wp-json\/wp\/v2\/media?parent=20028"}],"curies":[{"name":"wp","href":"https:\/\/api.w.org\/{rel}","templated":true}]}}