{"id":20068,"date":"2026-01-06T19:49:10","date_gmt":"2026-01-06T19:49:10","guid":{"rendered":"https:\/\/dev.jinekomasti.com\/?page_id=20068"},"modified":"2026-01-11T17:50:11","modified_gmt":"2026-01-11T17:50:11","slug":"doktor-bul","status":"publish","type":"page","link":"https:\/\/jinekomasti.com\/en\/doktor-bul\/","title":{"rendered":"Find Doctor"},"content":{"rendered":"<h4 class=\"wp-block-heading\">Jinekomasti Doktor Rehberi<\/h4>\n\n\n\n<p>Doktor Rehberinde yerinizi almak i\u00e7in info@jinekomasti.com adresinden bize ula\u015fabilirsiniz<\/p>\n\n\n\n<figure class=\"wp-block-table\"><table class=\"has-fixed-layout\"><thead><tr><th class=\"has-text-align-center\" data-align=\"center\">Ad &#8211; Soyad<\/th><th class=\"has-text-align-center\" data-align=\"center\"><strong>\u00dcnvan<\/strong><\/th><th class=\"has-text-align-center\" data-align=\"center\"><strong>\u015eehir<\/strong><\/th><th class=\"has-text-align-center\" data-align=\"center\"><strong>Website<\/strong><\/th><\/tr><\/thead><tbody><tr><td class=\"has-text-align-center\" data-align=\"center\"><\/td><td class=\"has-text-align-center\" data-align=\"center\"><\/td><td class=\"has-text-align-center\" data-align=\"center\"><\/td><td class=\"has-text-align-center\" data-align=\"center\"><\/td><\/tr><\/tbody><\/table><\/figure>\n\n\n\n<p><\/p>","protected":false},"excerpt":{"rendered":"<p>Jinekomasti Doktor Rehberi Doktor Rehberinde yerinizi almak i\u00e7in info@jinekomasti.com adresinden bize ula\u015fabilirsiniz Ad &#8211; Soyad \u00dcnvan \u015eehir Website<\/p>","protected":false},"author":1,"featured_media":0,"parent":0,"menu_order":0,"comment_status":"closed","ping_status":"closed","template":"","meta":{"footnotes":""},"class_list":["post-20068","page","type-page","status-publish","hentry"],"blocksy_meta":{"page_structure_type":"type-1","styles_descriptor":{"styles":{"desktop":"","tablet":"","mobile":""},"google_fonts":[],"version":6}},"_links":{"self":[{"href":"https:\/\/jinekomasti.com\/en\/wp-json\/wp\/v2\/pages\/20068","targetHints":{"allow":["GET"]}}],"collection":[{"href":"https:\/\/jinekomasti.com\/en\/wp-json\/wp\/v2\/pages"}],"about":[{"href":"https:\/\/jinekomasti.com\/en\/wp-json\/wp\/v2\/types\/page"}],"author":[{"embeddable":true,"href":"https:\/\/jinekomasti.com\/en\/wp-json\/wp\/v2\/users\/1"}],"replies":[{"embeddable":true,"href":"https:\/\/jinekomasti.com\/en\/wp-json\/wp\/v2\/comments?post=20068"}],"version-history":[{"count":3,"href":"https:\/\/jinekomasti.com\/en\/wp-json\/wp\/v2\/pages\/20068\/revisions"}],"predecessor-version":[{"id":20476,"href":"https:\/\/jinekomasti.com\/en\/wp-json\/wp\/v2\/pages\/20068\/revisions\/20476"}],"wp:attachment":[{"href":"https:\/\/jinekomasti.com\/en\/wp-json\/wp\/v2\/media?parent=20068"}],"curies":[{"name":"wp","href":"https:\/\/api.w.org\/{rel}","templated":true}]}}