{"id":20213,"date":"2026-01-07T23:17:02","date_gmt":"2026-01-07T23:17:02","guid":{"rendered":"https:\/\/dev.jinekomasti.com\/?page_id=20213"},"modified":"2026-01-08T00:03:54","modified_gmt":"2026-01-08T00:03:54","slug":"telefon-ile-sor","status":"publish","type":"page","link":"https:\/\/jinekomasti.com\/en\/yardim\/telefon-ile-sor\/","title":{"rendered":"Telefon ile Sor"},"content":{"rendered":"<p>Sorular\u0131n\u0131z\u0131n cevab\u0131n\u0131 hala bulamad\u0131ysan\u0131z a\u015fa\u011f\u0131daki telefon numaralar\u0131ndan bize ula\u015fabilirsiniz.<\/p>\n\n\n\n<h2 class=\"wp-block-heading\">001-832-632-4355<\/h2>\n\n\n\n<p>L\u00fctfen aramalar\u0131n\u0131z\u0131 ABD-T\u00fcrkiye saat fark\u0131n\u0131 g\u00f6z \u00f6n\u00fcnde bulundurarak yap\u0131n\u0131z.<\/p>\n\n\n\n<figure class=\"wp-block-table is-style-regular\"><table><tbody><tr><td class=\"has-text-align-center\" data-align=\"center\">\u0130stanbul, T\u00fcrkiye<\/td><td><\/td><td class=\"has-text-align-center\" data-align=\"center\">Texas, ABD<\/td><\/tr><tr><td class=\"has-text-align-center\" data-align=\"center\"><iframe loading=\"lazy\" src=\"https:\/\/freesecure.timeanddate.com\/clock\/i66lbd59\/n19\/tltr28\/tt0\/ts1\" frameborder=\"0\" width=\"221\" height=\"18\"><\/iframe>\n<\/td><td><\/td><td class=\"has-text-align-center\" data-align=\"center\"><iframe loading=\"lazy\" src=\"https:\/\/freesecure.timeanddate.com\/clock\/i66lbhq8\/n104\/tltr28\/tt0\/ts1\" frameborder=\"0\" width=\"221\" height=\"18\"><\/iframe><\/td><\/tr><\/tbody><\/table><\/figure>\n\n\n\n<p><\/p>","protected":false},"excerpt":{"rendered":"<p>Sorular\u0131n\u0131z\u0131n cevab\u0131n\u0131 hala bulamad\u0131ysan\u0131z a\u015fa\u011f\u0131daki telefon numaralar\u0131ndan bize ula\u015fabilirsiniz. 001-832-632-4355 L\u00fctfen aramalar\u0131n\u0131z\u0131 ABD-T\u00fcrkiye saat fark\u0131n\u0131 g\u00f6z \u00f6n\u00fcnde bulundurarak yap\u0131n\u0131z. \u0130stanbul, T\u00fcrkiye Texas, ABD<\/p>","protected":false},"author":1,"featured_media":0,"parent":20028,"menu_order":0,"comment_status":"closed","ping_status":"closed","template":"","meta":{"footnotes":""},"class_list":["post-20213","page","type-page","status-publish","hentry"],"blocksy_meta":[],"_links":{"self":[{"href":"https:\/\/jinekomasti.com\/en\/wp-json\/wp\/v2\/pages\/20213","targetHints":{"allow":["GET"]}}],"collection":[{"href":"https:\/\/jinekomasti.com\/en\/wp-json\/wp\/v2\/pages"}],"about":[{"href":"https:\/\/jinekomasti.com\/en\/wp-json\/wp\/v2\/types\/page"}],"author":[{"embeddable":true,"href":"https:\/\/jinekomasti.com\/en\/wp-json\/wp\/v2\/users\/1"}],"replies":[{"embeddable":true,"href":"https:\/\/jinekomasti.com\/en\/wp-json\/wp\/v2\/comments?post=20213"}],"version-history":[{"count":6,"href":"https:\/\/jinekomasti.com\/en\/wp-json\/wp\/v2\/pages\/20213\/revisions"}],"predecessor-version":[{"id":20221,"href":"https:\/\/jinekomasti.com\/en\/wp-json\/wp\/v2\/pages\/20213\/revisions\/20221"}],"up":[{"embeddable":true,"href":"https:\/\/jinekomasti.com\/en\/wp-json\/wp\/v2\/pages\/20028"}],"wp:attachment":[{"href":"https:\/\/jinekomasti.com\/en\/wp-json\/wp\/v2\/media?parent=20213"}],"curies":[{"name":"wp","href":"https:\/\/api.w.org\/{rel}","templated":true}]}}