{"id":20228,"date":"2026-01-08T00:05:14","date_gmt":"2026-01-08T00:05:14","guid":{"rendered":"https:\/\/dev.jinekomasti.com\/?page_id=20228"},"modified":"2026-01-08T00:05:14","modified_gmt":"2026-01-08T00:05:14","slug":"guvenli-alisveris","status":"publish","type":"page","link":"https:\/\/jinekomasti.com\/en\/yardim\/guvenli-alisveris\/","title":{"rendered":"G\u00fcvenli Al\u0131\u015fveri\u015f"},"content":{"rendered":"<p>Jinekomasti.com al\u0131c\u0131ya ait bilgileri (email, telefon, teslimat adresi vb.) hi\u00e7bir \u015fekilde \u00fc\u00e7\u00fcnc\u00fc ki\u015filer ile payla\u015fmaz.<br><br>Jinekomasti.com&#8217;dan sat\u0131n al\u0131rken al\u0131c\u0131 kredi kart\u0131yla \u00f6demeyi se\u00e7ti\u011finde \u00f6deme Stripe \u00fczerinden ger\u00e7ekle\u015ftirilir. Stripe t\u00fcm d\u00fcnyada kullan\u0131lan ve al\u0131c\u0131n\u0131n kredi kart\u0131 bilgilerini sat\u0131c\u0131yla payla\u015fmadan online \u00f6deme yapmay\u0131 sa\u011flayan g\u00fcvenli bir \u00f6deme y\u00f6ntemidir. Stripe hakk\u0131nda detayl\u0131 bilgi i\u00e7in <a href=\"https:\/\/stripe.com\/\" target=\"_blank\" rel=\"noreferrer noopener\">t\u0131klay\u0131n<\/a>.<br><br>Jinekomasti.com&#8217;da al\u0131\u015fveri\u015f yaparken al\u0131c\u0131 banka havalesi ile \u00f6deme yapmay\u0131 se\u00e7ti\u011finde \u00f6demeyi bankalar\u0131n fiziksel \u015fubelerinden, ATMlerinden veya internet \u015fubesinden ger\u00e7ekle\u015ftirebilir.<\/p>","protected":false},"excerpt":{"rendered":"<p>Jinekomasti.com al\u0131c\u0131ya ait bilgileri (email, telefon, teslimat adresi vb.) hi\u00e7bir \u015fekilde \u00fc\u00e7\u00fcnc\u00fc ki\u015filer ile payla\u015fmaz. Jinekomasti.com&#8217;dan sat\u0131n al\u0131rken al\u0131c\u0131 kredi kart\u0131yla \u00f6demeyi se\u00e7ti\u011finde \u00f6deme Stripe \u00fczerinden ger\u00e7ekle\u015ftirilir. Stripe t\u00fcm d\u00fcnyada kullan\u0131lan ve al\u0131c\u0131n\u0131n kredi kart\u0131 bilgilerini sat\u0131c\u0131yla payla\u015fmadan online \u00f6deme yapmay\u0131 sa\u011flayan g\u00fcvenli bir \u00f6deme y\u00f6ntemidir. Stripe hakk\u0131nda detayl\u0131 bilgi i\u00e7in t\u0131klay\u0131n. Jinekomasti.com&#8217;da al\u0131\u015fveri\u015f yaparken [&hellip;]<\/p>\n","protected":false},"author":1,"featured_media":0,"parent":20028,"menu_order":0,"comment_status":"closed","ping_status":"closed","template":"","meta":{"footnotes":""},"class_list":["post-20228","page","type-page","status-publish","hentry"],"blocksy_meta":[],"_links":{"self":[{"href":"https:\/\/jinekomasti.com\/en\/wp-json\/wp\/v2\/pages\/20228","targetHints":{"allow":["GET"]}}],"collection":[{"href":"https:\/\/jinekomasti.com\/en\/wp-json\/wp\/v2\/pages"}],"about":[{"href":"https:\/\/jinekomasti.com\/en\/wp-json\/wp\/v2\/types\/page"}],"author":[{"embeddable":true,"href":"https:\/\/jinekomasti.com\/en\/wp-json\/wp\/v2\/users\/1"}],"replies":[{"embeddable":true,"href":"https:\/\/jinekomasti.com\/en\/wp-json\/wp\/v2\/comments?post=20228"}],"version-history":[{"count":1,"href":"https:\/\/jinekomasti.com\/en\/wp-json\/wp\/v2\/pages\/20228\/revisions"}],"predecessor-version":[{"id":20229,"href":"https:\/\/jinekomasti.com\/en\/wp-json\/wp\/v2\/pages\/20228\/revisions\/20229"}],"up":[{"embeddable":true,"href":"https:\/\/jinekomasti.com\/en\/wp-json\/wp\/v2\/pages\/20028"}],"wp:attachment":[{"href":"https:\/\/jinekomasti.com\/en\/wp-json\/wp\/v2\/media?parent=20228"}],"curies":[{"name":"wp","href":"https:\/\/api.w.org\/{rel}","templated":true}]}}