{"id":20232,"date":"2026-01-08T00:06:47","date_gmt":"2026-01-08T00:06:47","guid":{"rendered":"https:\/\/dev.jinekomasti.com\/?page_id=20232"},"modified":"2026-01-08T00:06:47","modified_gmt":"2026-01-08T00:06:47","slug":"odeme","status":"publish","type":"page","link":"https:\/\/jinekomasti.com\/en\/yardim\/odeme\/","title":{"rendered":"Checkout"},"content":{"rendered":"<p>Al\u0131c\u0131 \u00f6demeyi banka havalesi\/EFT ile, nakit olarak Akbank ATMlerinden veya websitemizde kredi kart\u0131 ile yapabilir.<\/p>\n\n\n\n<p><strong>Kredi kart\u0131yla<\/strong> \u00f6deme yaparken \u00f6deme Stripe \u00fczerinden ger\u00e7ekle\u015ftirilir.<strong>Stripe<\/strong> t\u00fcm d\u00fcnyada kullan\u0131lan ve al\u0131c\u0131n\u0131n kredi kart\u0131 bilgilerini sat\u0131c\u0131 ile payla\u015fmadan online \u00f6deme yapmay\u0131 sa\u011flayan g\u00fcvenli bir \u00f6deme y\u00f6ntemidir. Stripe hakk\u0131nda detayl\u0131 bilgi i\u00e7in <a href=\"https:\/\/www.stripe.com\" target=\"_blank\" rel=\"noreferrer noopener\">t\u0131klay\u0131n<\/a>.<\/p>\n\n\n\n<p><strong>Banka havalesi \/ EFT<\/strong> ile \u00f6deme yaparken i\u015flem \u00fccretini en aza indirmek i\u00e7in bankan\u0131z\u0131n internet \u015fubesini kullanman\u0131z\u0131 tavsiye ederiz.<\/p>\n\n\n\n<p><strong>Akbank ATM<\/strong> (bankamatik) lerinden \u00f6demenizi nakit olarak a\u015fa\u011f\u0131daki ad\u0131mlar\u0131 takip ederek ger\u00e7ekle\u015ftirebilirsiniz. Akbank yat\u0131r\u0131lan mebla\u011fdan 10 TL i\u015flem \u00fccreti kesmektedir. L\u00fctfen i\u015flem \u00fccretini hesaba katarak \u00f6deme yap\u0131n\u0131z.<br><br><\/p>\n\n\n\n<ul class=\"wp-block-list\">\n<li>\u0130lk \u00f6nce ATM&#8217;deki &#8220;G\u0130R\u0130\u015e&#8221; tu\u015funa bas\u0131l\u0131r.<\/li>\n\n\n\n<li>Karts\u0131z \u0130\u015flemler ana men\u00fcs\u00fcnden &#8220;Hesaba Para Yat\u0131rma&#8221; i\u015flemi se\u00e7ilir.<\/li>\n\n\n\n<li>Paray\u0131 yat\u0131racak ki\u015fi, gelen ekrandan kendi TC kimlik numaras\u0131n\u0131 girer.<\/li>\n\n\n\n<li>Para yat\u0131r\u0131lacak hesab\u0131n \u015fube kodu ve hesap numaras\u0131 girilir. (IBAN ile \u00f6deme yapmay\u0131 se\u00e7tiyseniz IBAN numaras\u0131 girilir)<\/li>\n\n\n\n<li>\u00d6deme Tipi ekran\u0131nda &#8220;Di\u011fer&#8221; se\u00e7ene\u011fi se\u00e7ilir.<\/li>\n\n\n\n<li>Gelen ekranda A\u00e7\u0131klama k\u0131sm\u0131na sipari\u015f numaras\u0131 ve\/ya ad soyad girilir.<\/li>\n\n\n\n<li>Gelen ekrandaki bilgiler (paran\u0131n yat\u0131r\u0131laca\u011f\u0131 hesap sahibinin ad\u0131 soyad\u0131, hesap numaras\u0131, hesab\u0131n \u015fube kodu ve \u015fube ad\u0131) do\u011fru ise devam edilir.<\/li>\n\n\n\n<li>Para Giri\u015fi b\u00f6lmesi a\u00e7\u0131ld\u0131\u011f\u0131nda, yat\u0131r\u0131lacak para bu b\u00f6lmeye konularak Tamam tu\u015funa bas\u0131l\u0131r.<\/li>\n\n\n\n<li>ATM paray\u0131 tan\u0131r, sayar ve yat\u0131r\u0131lan miktar\u0131n onaylanmas\u0131n\u0131 ister.<\/li>\n\n\n\n<li>Miktar ve paran\u0131n yat\u0131r\u0131laca\u011f\u0131 hesap bilgileri onayland\u0131ktan sonra, para an\u0131nda hesaba ge\u00e7er ve i\u015flemin tamamland\u0131\u011f\u0131na dair i\u015flem makbuzu verilir.<\/li>\n<\/ul>\n\n\n\n<figure class=\"wp-block-image\"><img decoding=\"async\" src=\"http:\/\/www.jinekomasti.com\/images\/akbank_kartsiz_para_yatirma.jpg\" alt=\"\"\/><\/figure>","protected":false},"excerpt":{"rendered":"<p>Al\u0131c\u0131 \u00f6demeyi banka havalesi\/EFT ile, nakit olarak Akbank ATMlerinden veya websitemizde kredi kart\u0131 ile yapabilir. Kredi kart\u0131yla \u00f6deme yaparken \u00f6deme Stripe \u00fczerinden ger\u00e7ekle\u015ftirilir.Stripe t\u00fcm d\u00fcnyada kullan\u0131lan ve al\u0131c\u0131n\u0131n kredi kart\u0131 bilgilerini sat\u0131c\u0131 ile payla\u015fmadan online \u00f6deme yapmay\u0131 sa\u011flayan g\u00fcvenli bir \u00f6deme y\u00f6ntemidir. Stripe hakk\u0131nda detayl\u0131 bilgi i\u00e7in t\u0131klay\u0131n. Banka havalesi \/ EFT ile \u00f6deme yaparken [&hellip;]<\/p>\n","protected":false},"author":1,"featured_media":0,"parent":20028,"menu_order":0,"comment_status":"closed","ping_status":"closed","template":"","meta":{"footnotes":""},"class_list":["post-20232","page","type-page","status-publish","hentry"],"blocksy_meta":[],"_links":{"self":[{"href":"https:\/\/jinekomasti.com\/en\/wp-json\/wp\/v2\/pages\/20232","targetHints":{"allow":["GET"]}}],"collection":[{"href":"https:\/\/jinekomasti.com\/en\/wp-json\/wp\/v2\/pages"}],"about":[{"href":"https:\/\/jinekomasti.com\/en\/wp-json\/wp\/v2\/types\/page"}],"author":[{"embeddable":true,"href":"https:\/\/jinekomasti.com\/en\/wp-json\/wp\/v2\/users\/1"}],"replies":[{"embeddable":true,"href":"https:\/\/jinekomasti.com\/en\/wp-json\/wp\/v2\/comments?post=20232"}],"version-history":[{"count":1,"href":"https:\/\/jinekomasti.com\/en\/wp-json\/wp\/v2\/pages\/20232\/revisions"}],"predecessor-version":[{"id":20233,"href":"https:\/\/jinekomasti.com\/en\/wp-json\/wp\/v2\/pages\/20232\/revisions\/20233"}],"up":[{"embeddable":true,"href":"https:\/\/jinekomasti.com\/en\/wp-json\/wp\/v2\/pages\/20028"}],"wp:attachment":[{"href":"https:\/\/jinekomasti.com\/en\/wp-json\/wp\/v2\/media?parent=20232"}],"curies":[{"name":"wp","href":"https:\/\/api.w.org\/{rel}","templated":true}]}}