{"id":20235,"date":"2026-01-08T00:07:40","date_gmt":"2026-01-08T00:07:40","guid":{"rendered":"https:\/\/dev.jinekomasti.com\/?page_id=20235"},"modified":"2026-01-20T14:41:04","modified_gmt":"2026-01-20T14:41:04","slug":"kargo","status":"publish","type":"page","link":"https:\/\/jinekomasti.com\/en\/yardim\/kargo\/","title":{"rendered":"Kargo"},"content":{"rendered":"<p>Jinekomasti.com sipari\u015flerini al\u0131c\u0131lara ula\u015ft\u0131rmak i\u00e7in <strong><a href=\"http:\/\/ptt.gov.tr\/\" target=\"_blank\" rel=\"noreferrer noopener\">PTT Kargo<\/a><\/strong> ile \u00e7al\u0131\u015fmaktad\u0131r.<br><br>Kargo takip numaras\u0131 email ile al\u0131c\u0131ya ula\u015ft\u0131r\u0131l\u0131r. PTT Kargo sipari\u015f takip sayfas\u0131 i\u00e7in <a href=\"https:\/\/www.ptt.gov.tr\/\" target=\"_blank\" rel=\"noreferrer noopener\">t\u0131klay\u0131n<\/a>.<br><br>Jinekomasti.com sipari\u015fleri \u00f6deme tarihinden itibaren azami 7 g\u00fcn i\u00e7erisinde teslim etmeyi taahh\u00fct eder.\u00a0Do\u011fal afetler vb. gibi kargo ta\u015f\u0131mac\u0131l\u0131\u011f\u0131n\u0131 etkileyebilecek durumlar ve PTT Kargo&#8217;nun da\u011f\u0131t\u0131m yapmad\u0131\u011f\u0131 resmi tatil g\u00fcnleri bu s\u00fcreye dahil de\u011fildir.<\/p>\n\n\n\n<p>Kargonun m\u00fc\u015fteriye teslim edilememesi ve m\u00fc\u015fterinin kargoyu PTT kargo \u015fubesinden teslim almamas\u0131 durumunda kargo PTT taraf\u0131ndan da\u011f\u0131t\u0131m merkezimize geri g\u00f6nderilmektedir. Bu durumda m\u00fc\u015fteriden adres g\u00fcncellemesi talep edilerek kargo ikinci kez m\u00fc\u015fteriye g\u00f6nderilir.<\/p>\n\n\n\n<p><\/p>","protected":false},"excerpt":{"rendered":"<p>Jinekomasti.com sipari\u015flerini al\u0131c\u0131lara ula\u015ft\u0131rmak i\u00e7in PTT Kargo ile \u00e7al\u0131\u015fmaktad\u0131r. Kargo takip numaras\u0131 email ile al\u0131c\u0131ya ula\u015ft\u0131r\u0131l\u0131r. PTT Kargo sipari\u015f takip sayfas\u0131 i\u00e7in t\u0131klay\u0131n. Jinekomasti.com sipari\u015fleri \u00f6deme tarihinden itibaren azami 7 g\u00fcn i\u00e7erisinde teslim etmeyi taahh\u00fct eder.\u00a0Do\u011fal afetler vb. gibi kargo ta\u015f\u0131mac\u0131l\u0131\u011f\u0131n\u0131 etkileyebilecek durumlar ve PTT Kargo&#8217;nun da\u011f\u0131t\u0131m yapmad\u0131\u011f\u0131 resmi tatil g\u00fcnleri bu s\u00fcreye dahil de\u011fildir. [&hellip;]<\/p>\n","protected":false},"author":1,"featured_media":0,"parent":20028,"menu_order":0,"comment_status":"closed","ping_status":"closed","template":"","meta":{"footnotes":""},"class_list":["post-20235","page","type-page","status-publish","hentry"],"blocksy_meta":[],"_links":{"self":[{"href":"https:\/\/jinekomasti.com\/en\/wp-json\/wp\/v2\/pages\/20235","targetHints":{"allow":["GET"]}}],"collection":[{"href":"https:\/\/jinekomasti.com\/en\/wp-json\/wp\/v2\/pages"}],"about":[{"href":"https:\/\/jinekomasti.com\/en\/wp-json\/wp\/v2\/types\/page"}],"author":[{"embeddable":true,"href":"https:\/\/jinekomasti.com\/en\/wp-json\/wp\/v2\/users\/1"}],"replies":[{"embeddable":true,"href":"https:\/\/jinekomasti.com\/en\/wp-json\/wp\/v2\/comments?post=20235"}],"version-history":[{"count":2,"href":"https:\/\/jinekomasti.com\/en\/wp-json\/wp\/v2\/pages\/20235\/revisions"}],"predecessor-version":[{"id":20606,"href":"https:\/\/jinekomasti.com\/en\/wp-json\/wp\/v2\/pages\/20235\/revisions\/20606"}],"up":[{"embeddable":true,"href":"https:\/\/jinekomasti.com\/en\/wp-json\/wp\/v2\/pages\/20028"}],"wp:attachment":[{"href":"https:\/\/jinekomasti.com\/en\/wp-json\/wp\/v2\/media?parent=20235"}],"curies":[{"name":"wp","href":"https:\/\/api.w.org\/{rel}","templated":true}]}}