{"id":20244,"date":"2026-01-08T00:13:05","date_gmt":"2026-01-08T00:13:05","guid":{"rendered":"https:\/\/dev.jinekomasti.com\/?page_id=20244"},"modified":"2026-01-08T00:13:05","modified_gmt":"2026-01-08T00:13:05","slug":"email-ile-sor","status":"publish","type":"page","link":"https:\/\/jinekomasti.com\/en\/yardim\/email-ile-sor\/","title":{"rendered":"Email ile Sor"},"content":{"rendered":"<p>Sorular\u0131n\u0131z\u0131 info@jinekomasti.com adresine email g\u00f6ndererek veya <a href=\"https:\/\/jinekomasti.com\/en\/2014\/03\/26\/iletisim\/\">ileti\u015fim sayfam\u0131zdaki<\/a> sosyal medya hesaplar\u0131ndan bize ula\u015ft\u0131rabilirsiniz.<\/p>\n\n\n\n<p>Sorular\u0131n\u0131z 24 saat i\u00e7inde cevaplanmaya \u00e7al\u0131\u015f\u0131lacakt\u0131r.<\/p>","protected":false},"excerpt":{"rendered":"<p>Sorular\u0131n\u0131z\u0131 info@jinekomasti.com adresine email g\u00f6ndererek veya ileti\u015fim sayfam\u0131zdaki sosyal medya hesaplar\u0131ndan bize ula\u015ft\u0131rabilirsiniz. Sorular\u0131n\u0131z 24 saat i\u00e7inde cevaplanmaya \u00e7al\u0131\u015f\u0131lacakt\u0131r.<\/p>","protected":false},"author":1,"featured_media":0,"parent":20028,"menu_order":0,"comment_status":"closed","ping_status":"closed","template":"","meta":{"footnotes":""},"class_list":["post-20244","page","type-page","status-publish","hentry"],"blocksy_meta":[],"_links":{"self":[{"href":"https:\/\/jinekomasti.com\/en\/wp-json\/wp\/v2\/pages\/20244","targetHints":{"allow":["GET"]}}],"collection":[{"href":"https:\/\/jinekomasti.com\/en\/wp-json\/wp\/v2\/pages"}],"about":[{"href":"https:\/\/jinekomasti.com\/en\/wp-json\/wp\/v2\/types\/page"}],"author":[{"embeddable":true,"href":"https:\/\/jinekomasti.com\/en\/wp-json\/wp\/v2\/users\/1"}],"replies":[{"embeddable":true,"href":"https:\/\/jinekomasti.com\/en\/wp-json\/wp\/v2\/comments?post=20244"}],"version-history":[{"count":1,"href":"https:\/\/jinekomasti.com\/en\/wp-json\/wp\/v2\/pages\/20244\/revisions"}],"predecessor-version":[{"id":20245,"href":"https:\/\/jinekomasti.com\/en\/wp-json\/wp\/v2\/pages\/20244\/revisions\/20245"}],"up":[{"embeddable":true,"href":"https:\/\/jinekomasti.com\/en\/wp-json\/wp\/v2\/pages\/20028"}],"wp:attachment":[{"href":"https:\/\/jinekomasti.com\/en\/wp-json\/wp\/v2\/media?parent=20244"}],"curies":[{"name":"wp","href":"https:\/\/api.w.org\/{rel}","templated":true}]}}