{"id":20249,"date":"2026-01-08T00:20:43","date_gmt":"2026-01-08T00:20:43","guid":{"rendered":"https:\/\/dev.jinekomasti.com\/?page_id=20249"},"modified":"2026-01-08T00:20:43","modified_gmt":"2026-01-08T00:20:43","slug":"nasil-satin-alirim","status":"publish","type":"page","link":"https:\/\/jinekomasti.com\/en\/yardim\/nasil-satin-alirim\/","title":{"rendered":"Nas\u0131l Sat\u0131n Al\u0131r\u0131m"},"content":{"rendered":"<h3 class=\"wp-block-heading\">1. Almak \u0130stedi\u011finiz \u00dcr\u00fcn\u00fc Se\u00e7in<\/h3>\n\n\n\n<p>\u00dcr\u00fcnler b\u00f6l\u00fcm\u00fcnde \u00fcr\u00fcnlerimizi kar\u015f\u0131la\u015ft\u0131rarak ve m\u00fc\u015fteri yorumlar\u0131na g\u00f6z atarak almak istedi\u011finiz \u00fcr\u00fcne karar verin.<\/p>\n\n\n\n<h3 class=\"wp-block-heading\">2. \u00dcr\u00fcn\u00fcn \u00d6zelliklerini Se\u00e7in ve Sepetinize Ekleyin<\/h3>\n\n\n\n<p>Be\u011fendi\u011finiz \u00fcr\u00fcn\u00fcn renk, beden \u00f6zelliklerini ve ka\u00e7 adet almak istedi\u011finizi se\u00e7in.<\/p>\n\n\n\n<p>Beden se\u00e7imini yaparken l\u00fctfen di\u011fer k\u0131yafetlerinizin bedenine g\u00f6re se\u00e7im yapmay\u0131n. G\u00f6\u011f\u00fcs \u00f6l\u00e7\u00fcn\u00fcz\u00fc alarak buna kar\u015f\u0131l\u0131k gelen bedeni se\u00e7in.<\/p>\n\n\n\n<p>Daha sonra&nbsp;<em>Al\u0131\u015fveri\u015f Sepetine Ekle<\/em> d\u00fc\u011fmesine t\u0131klayarak \u00fcr\u00fcn\u00fc sepetinize ekleyin.<\/p>\n\n\n\n<figure class=\"wp-block-image\"><img loading=\"lazy\" decoding=\"async\" width=\"500\" height=\"194\" src=\"http:\/\/jinekomasti.com\/wp-content\/uploads\/2012\/03\/inst_step2_bedenrenk.jpg\" alt=\"inst_step2_bedenrenk\" class=\"wp-image-14950\" srcset=\"https:\/\/jinekomasti.com\/wp-content\/uploads\/2012\/03\/inst_step2_bedenrenk.jpg 500w, https:\/\/jinekomasti.com\/wp-content\/uploads\/2012\/03\/inst_step2_bedenrenk-300x116.jpg 300w\" sizes=\"auto, (max-width: 500px) 100vw, 500px\" \/><\/figure>\n\n\n\n<h3 class=\"wp-block-heading\">3. Kullan\u0131c\u0131 Hesab\u0131 Olu\u015fturun<\/h3>\n\n\n\n<p>Kullan\u0131c\u0131 hesab\u0131 olu\u015fturmak i\u00e7in<em> Al\u0131\u015fveri\u015fi Tamamla<\/em> linkine t\u0131klay\u0131n ve Yeni Kullan\u0131c\u0131 se\u00e7ene\u011fini se\u00e7erek bilgilerinizi girin. Bilgilerinizi girip formu g\u00f6nderdi\u011finizde hesab\u0131n\u0131z olu\u015fturulacak ve girmi\u015f oldu\u011funuz email adresine bir aktivasyon emaili g\u00f6nderilecektir. Bu email i\u00e7erisindeki aktivasyon linkine t\u0131klayarak hesab\u0131n\u0131z\u0131 aktif hale getirebilirsiniz. Aktivasyon i\u015flemi emailinizin ba\u015fkalar\u0131 taraf\u0131ndan kullan\u0131lmas\u0131n\u0131 \u00f6nlemek i\u00e7indir.<\/p>\n\n\n\n<figure class=\"wp-block-image\"><img loading=\"lazy\" decoding=\"async\" width=\"500\" height=\"348\" src=\"http:\/\/jinekomasti.com\/wp-content\/uploads\/2012\/03\/inst_step3_tamamla.jpg\" alt=\"inst_step3_tamamla\" class=\"wp-image-14951\" srcset=\"https:\/\/jinekomasti.com\/wp-content\/uploads\/2012\/03\/inst_step3_tamamla.jpg 500w, https:\/\/jinekomasti.com\/wp-content\/uploads\/2012\/03\/inst_step3_tamamla-300x209.jpg 300w\" sizes=\"auto, (max-width: 500px) 100vw, 500px\" \/><\/figure>\n\n\n\n<figure class=\"wp-block-image\"><img loading=\"lazy\" decoding=\"async\" width=\"495\" height=\"426\" src=\"http:\/\/jinekomasti.com\/wp-content\/uploads\/2012\/03\/ins_step3_hesapolustur.jpg\" alt=\"ins_step3_hesapolustur\" class=\"wp-image-14952\" srcset=\"https:\/\/jinekomasti.com\/wp-content\/uploads\/2012\/03\/ins_step3_hesapolustur.jpg 495w, https:\/\/jinekomasti.com\/wp-content\/uploads\/2012\/03\/ins_step3_hesapolustur-300x258.jpg 300w\" sizes=\"auto, (max-width: 495px) 100vw, 495px\" \/><\/figure>\n\n\n\n<p>Hesab\u0131n\u0131z aktif hale geldikten sonra kullan\u0131c\u0131 ad\u0131 ve \u015fifrenizle giri\u015f yap\u0131p sipari\u015f i\u015flemine devam edebilirsiniz.<\/p>\n\n\n\n<h3 class=\"wp-block-heading\">4. Teslimat Adresini Teyit Edin<\/h3>\n\n\n\n<p>Hesap olu\u015fturma ad\u0131m\u0131nda girdi\u011finiz adresi bu ad\u0131mda teyit edip bir sonraki ad\u0131ma ge\u00e7in. Dilerseniz bu ad\u0131mda adresi g\u00fcncelleyebilirsiniz.<\/p>\n\n\n\n<h3 class=\"wp-block-heading\">5. \u00d6deme Y\u00f6ntemini Se\u00e7in<\/h3>\n\n\n\n<h3 class=\"wp-block-heading\">5a. Kredi Kart\u0131n\u0131z ile \u00d6deme Yap\u0131n<\/h3>\n\n\n\n<p>Kredi kart\u0131 ile \u00f6deme yapmay\u0131 se\u00e7erseniz kredi kart\u0131 bilgilerinizi girerek \u00f6demeyi ger\u00e7ekle\u015ftirebilirsiniz.&nbsp;Kredi kart\u0131 \u00f6demeleri Stripe \u00fczerinden ger\u00e7ekle\u015ftirilir. Stripe kredi kart\u0131 bilgilerinizi sat\u0131c\u0131yla payla\u015fmadan \u00f6deme yapman\u0131z\u0131 sa\u011flayan daha g\u00fcvenli bir online \u00f6deme y\u00f6ntemidir.<\/p>\n\n\n\n<h3 class=\"wp-block-heading\">5b. Banka Havalesi ile \u00d6deme Yap\u0131n<\/h3>\n\n\n\n<p>Banka havalesi ile \u00f6demeyi se\u00e7erseniz sipari\u015finiz tamamland\u0131ktan sonra banka hesap bilgilerimiz listelenecek. Banka hesap bilgilerimize Hesab\u0131m &gt; Sipari\u015f Bilgisi b\u00f6l\u00fcm\u00fcnden de ula\u015fabilirsiniz.<br><br>\u00d6demeyi banka \u015fubelerinden, Bankamatiklerden (ATM) veya bankan\u0131z\u0131n online \u015fubesinden ger\u00e7ekle\u015ftirebilirsiniz. Havale i\u015flemini nas\u0131l ger\u00e7ekle\u015ftirebilece\u011finize dair detayl\u0131 bilgiyi bankan\u0131zdan \u00f6\u011frenebilirsiniz.<\/p>\n\n\n\n<h3 class=\"wp-block-heading\">6. Sipari\u015finizi Onaylay\u0131n<\/h3>\n\n\n\n<p>Son ad\u0131mda sipari\u015finize ait bilgileri g\u00f6zden ge\u00e7irin ve sipari\u015finizi onaylay\u0131n.<\/p>\n\n\n\n<p>Tebrikler sipari\u015finizi verdiniz.<\/p>\n\n\n\n<p>Sipari\u015f detaylar\u0131n\u0131z\u0131 i\u00e7eren bir email adresinize g\u00f6nderilecektir. Sipari\u015f detaylar\u0131n\u0131za Hesab\u0131m &gt; Sipari\u015f Bilgisi b\u00f6l\u00fcm\u00fcnden de ula\u015fabilirsiniz.<\/p>\n\n\n\n<p>Sipari\u015fe ait \u00f6deme al\u0131n\u0131r al\u0131nmaz sipari\u015finiz onaylan\u0131p i\u015fleme koyulacakt\u0131r.&nbsp;Kargo takip kodu email adresinize g\u00f6nderilecektir.<\/p>\n\n\n\n<p>Yard\u0131m &gt; S\u0131k Sorulan Sorular b\u00f6l\u00fcm\u00fcne g\u00f6z atmay\u0131 unutmay\u0131n.<\/p>\n\n\n\n<p>\u00dcr\u00fcn\u00fc denedikten sonra yorumlar\u0131n\u0131z\u0131 sitemizde payla\u015fabilirsiniz.<\/p>","protected":false},"excerpt":{"rendered":"<p>1. Almak \u0130stedi\u011finiz \u00dcr\u00fcn\u00fc Se\u00e7in \u00dcr\u00fcnler b\u00f6l\u00fcm\u00fcnde \u00fcr\u00fcnlerimizi kar\u015f\u0131la\u015ft\u0131rarak ve m\u00fc\u015fteri yorumlar\u0131na g\u00f6z atarak almak istedi\u011finiz \u00fcr\u00fcne karar verin. 2. \u00dcr\u00fcn\u00fcn \u00d6zelliklerini Se\u00e7in ve Sepetinize Ekleyin Be\u011fendi\u011finiz \u00fcr\u00fcn\u00fcn renk, beden \u00f6zelliklerini ve ka\u00e7 adet almak istedi\u011finizi se\u00e7in. Beden se\u00e7imini yaparken l\u00fctfen di\u011fer k\u0131yafetlerinizin bedenine g\u00f6re se\u00e7im yapmay\u0131n. G\u00f6\u011f\u00fcs \u00f6l\u00e7\u00fcn\u00fcz\u00fc alarak buna kar\u015f\u0131l\u0131k gelen bedeni se\u00e7in. [&hellip;]<\/p>\n","protected":false},"author":1,"featured_media":0,"parent":20028,"menu_order":0,"comment_status":"closed","ping_status":"closed","template":"","meta":{"footnotes":""},"class_list":["post-20249","page","type-page","status-publish","hentry"],"blocksy_meta":[],"_links":{"self":[{"href":"https:\/\/jinekomasti.com\/en\/wp-json\/wp\/v2\/pages\/20249","targetHints":{"allow":["GET"]}}],"collection":[{"href":"https:\/\/jinekomasti.com\/en\/wp-json\/wp\/v2\/pages"}],"about":[{"href":"https:\/\/jinekomasti.com\/en\/wp-json\/wp\/v2\/types\/page"}],"author":[{"embeddable":true,"href":"https:\/\/jinekomasti.com\/en\/wp-json\/wp\/v2\/users\/1"}],"replies":[{"embeddable":true,"href":"https:\/\/jinekomasti.com\/en\/wp-json\/wp\/v2\/comments?post=20249"}],"version-history":[{"count":1,"href":"https:\/\/jinekomasti.com\/en\/wp-json\/wp\/v2\/pages\/20249\/revisions"}],"predecessor-version":[{"id":20250,"href":"https:\/\/jinekomasti.com\/en\/wp-json\/wp\/v2\/pages\/20249\/revisions\/20250"}],"up":[{"embeddable":true,"href":"https:\/\/jinekomasti.com\/en\/wp-json\/wp\/v2\/pages\/20028"}],"wp:attachment":[{"href":"https:\/\/jinekomasti.com\/en\/wp-json\/wp\/v2\/media?parent=20249"}],"curies":[{"name":"wp","href":"https:\/\/api.w.org\/{rel}","templated":true}]}}