{"id":203,"date":"2021-12-17T16:46:02","date_gmt":"2021-12-17T16:46:02","guid":{"rendered":"https:\/\/startersites.io\/blocksy\/garderobe\/?page_id=203"},"modified":"2026-01-16T06:09:20","modified_gmt":"2026-01-16T06:09:20","slug":"hakkimizda","status":"publish","type":"page","link":"https:\/\/jinekomasti.com\/en\/kurumsal\/hakkimizda\/","title":{"rendered":"About Us"},"content":{"rendered":"<div class=\"wp-block-stackable-columns alignfull stk-block-columns stk-block stk-626ebfe stk-block-background\" data-block-id=\"626ebfe\"><style>.stk-626ebfe {padding-top:150px !important;padding-bottom:200px !important;margin-bottom:0px !important;}@media screen and (max-width:999px){.stk-626ebfe {padding-top:110px !important;padding-bottom:300px !important;}}<\/style><div class=\"stk-row stk-inner-blocks stk-block-content stk-content-align stk-626ebfe-column\">\n<div class=\"wp-block-stackable-column stk-block-column stk-column stk-block stk-ce7a188\" data-v=\"4\" data-block-id=\"ce7a188\"><style>.stk-ce7a188-container{margin-top:0px !important;margin-right:0px !important;margin-bottom:0px !important;margin-left:0px !important;}<\/style><div class=\"stk-column-wrapper stk-block-column__content stk-container stk-ce7a188-container stk--no-background stk--no-padding\"><div class=\"has-text-align-center stk-block-content stk-inner-blocks stk-ce7a188-inner-blocks\">\n\n\n\n<div class=\"wp-block-stackable-heading stk-block-heading stk-block-heading--v2 stk-block stk-83aa64e\" id=\"hakkimizda\" data-block-id=\"83aa64e\"><style>.stk-83aa64e {margin-top:15px !important;}.stk-83aa64e .stk-block-heading__text{font-size:40px !important;}@media screen and (max-width:999px){.stk-83aa64e .stk-block-heading__text{font-size:35px !important;}}@media screen and (max-width:689px){.stk-83aa64e .stk-block-heading__text{font-size:25px !important;}}<\/style><h2 class=\"stk-block-heading__text has-text-align-center\">About Us<\/h2><\/div>\n<\/div><\/div><\/div>\n<\/div><\/div>\n\n\n\n<div class=\"wp-block-stackable-columns stk-block-columns stk-block stk-b2ae33e stk-block-background stk--has-background-overlay\" data-block-id=\"b2ae33e\"><style>.stk-b2ae33e {background-color:var(--theme-palette-color-4, #131117) !important;background-image:url(http:\/\/jinekomasti.com\/wp-content\/uploads\/2021\/12\/shop-sale-cta-background.svg) !important;background-position:bottom right !important;background-repeat:no-repeat !important;background-size:auto !important;padding-top:0px !important;padding-right:40px !important;padding-bottom:40px !important;padding-left:40px !important;margin-top:-150px !important;margin-bottom:0px !important;overflow:visible !important;}.stk-b2ae33e:before{background-color:var(--theme-palette-color-4, #131117) !important;opacity:0.9 !important;}.stk-b2ae33e .stk-container{overflow:visible !important;}.stk-b2ae33e-column{--stk-column-gap:70px !important;row-gap:50px !important;}@media screen and (max-width:999px){.stk-b2ae33e {padding-top:var(--stk--preset--spacing--40, 1rem) !important;margin-top:-250px !important;}}@media screen and (max-width:689px){.stk-b2ae33e {padding-top:var(--stk--preset--spacing--50, 1.5rem) !important;padding-right:30px !important;padding-bottom:40px !important;padding-left:30px !important;}}<\/style><div class=\"stk-row stk-inner-blocks stk-block-content stk-content-align stk-b2ae33e-column\">\n<div class=\"wp-block-stackable-column stk-block-column stk-column stk-block stk-a715aa5\" data-v=\"4\" data-block-id=\"a715aa5\"><style>.stk-a715aa5-container{margin-top:0px !important;margin-right:0px !important;margin-bottom:0px !important;margin-left:0px !important;}.stk-a715aa5 {padding-top:40px !important;}@media screen and (max-width:999px){.stk-a715aa5 {padding-top:0px !important;}}<\/style><div class=\"stk-column-wrapper stk-block-column__content stk-container stk-a715aa5-container stk--no-background stk--no-padding\"><div class=\"stk-block-content stk-inner-blocks stk-a715aa5-inner-blocks\">\n<div class=\"wp-block-stackable-columns stk-block-columns stk-block stk-97bf972\" data-block-id=\"97bf972\"><style>.stk-97bf972-column{--stk-column-gap:50px !important;row-gap:50px !important;}<\/style><div class=\"stk-row stk-inner-blocks stk-block-content stk-content-align stk-97bf972-column\">\n<div class=\"wp-block-stackable-column stk-block-column stk-column stk-block stk-77f1576\" data-v=\"4\" data-block-id=\"77f1576\"><style>.stk-77f1576-container{margin-top:0px !important;margin-right:0px !important;margin-bottom:0px !important;margin-left:0px !important;}.stk-77f1576 {margin-top:var(--stk--preset--spacing--none, 0px) !important;}<\/style><div class=\"stk-column-wrapper stk-block-column__content stk-container stk-77f1576-container stk--no-background stk--no-padding\"><div class=\"stk-block-content stk-inner-blocks stk-77f1576-inner-blocks\">\n<div class=\"wp-block-stackable-text stk-block-text stk-block stk-721b0ac\" data-block-id=\"721b0ac\"><style>.stk-721b0ac .stk-block-text__text{color:var(--theme-palette-color-8, #ffffff) !important;}@media screen and (max-width:689px){.stk-721b0ac {padding-top:var(--stk--preset--spacing--none, 0px) !important;padding-right:var(--stk--preset--spacing--none, 0px) !important;padding-bottom:var(--stk--preset--spacing--none, 0px) !important;padding-left:var(--stk--preset--spacing--none, 0px) !important;margin-top:var(--stk--preset--spacing--none, 0px) !important;}}<\/style><p class=\"stk-block-text__text has-text-color has-palette-color-8-color\">Jinekomasti.com <strong><em>2008<\/em><\/strong> y\u0131l\u0131nda jinekomasti rahats\u0131zl\u0131\u011f\u0131n\u0131 <strong><em>bizzat ya\u015fayan<\/em><\/strong> bir ekip taraf\u0131ndan toplumu bu rahats\u0131zl\u0131k hakk\u0131nda bilgilendirmek ve jinekomasti rahats\u0131zl\u0131\u011f\u0131 olanlara <strong><em>yaln\u0131z olmad\u0131klar\u0131n\u0131<\/em><\/strong> g\u00f6stermek maksad\u0131yla kuruldu.<br><br>Jinekomasti.com rahats\u0131zl\u0131k hakk\u0131nda yerli yabanc\u0131 bilimsel makaleler, haberler ve en \u00f6nemlisi kullan\u0131c\u0131lar\u0131m\u0131z\u0131n hikayeleri ve yorumlar\u0131yla k\u0131sa s\u00fcrede internetin <strong><em>en zengin<\/em><\/strong> jinekomasti bilgi kayna\u011f\u0131 haline geldi. <br><br>Jinekomasti.com g\u00f6\u011f\u00fcs b\u00f6lgesine bask\u0131 sa\u011flay\u0131p d\u00fcz bir g\u00f6r\u00fcn\u00fcm sa\u011flayarak jinekomasti rahats\u0131zl\u0131\u011f\u0131n\u0131n sosyal ortamlarda neden oldu\u011fu psikolojik rahats\u0131zl\u0131klar\u0131 a\u015fmaya yard\u0131mc\u0131 olan <strong><em>D\u00fczle\u015ftirici Jinekomasti Atletleri<\/em><\/strong>ni d\u00fcnyaya ve T\u00fcrkiye&#8217;ye tan\u0131tt\u0131. Bug\u00fcn binlerce m\u00fc\u015fterimiz D\u00fczle\u015ftirici Jinekomasti Atletleriyle daha mutlu ve \u00f6zg\u00fcvenli bir hayat s\u00fcr\u00fcyor.<br><br>Jinekomasti.com kuruldu\u011fu g\u00fcnden beri ailelerini bu rahats\u0131zl\u0131k hakk\u0131nda bilgilendirmek isteyenlerin de u\u011frak yeri olmaya devam ediyor.<br><br>Jinekomasti.com Amerika Birle\u015fik Devletleri&#8217;nin Teksas eyaletinden m\u00fc\u015fterilerine hizmet vermektedir.<\/p><\/div>\n<\/div><\/div><\/div>\n<\/div><\/div>\n<\/div><\/div><\/div>\n<\/div><\/div>\n\n\n\n<div class=\"wp-block-stackable-spacer stk-block-spacer stk--no-padding stk-block stk-f132f5e\" data-block-id=\"f132f5e\"><style>.stk-f132f5e {height:30px !important;}@media screen and (max-width:999px){.stk-f132f5e {height:80px !important;}}<\/style><\/div>\n\n\n\n<div class=\"wp-block-stackable-columns stk-block-columns stk-block stk-79dbbf3 stk-block-background stk--has-background-overlay\" data-block-id=\"79dbbf3\"><style>.stk-79dbbf3 {background-image:url(http:\/\/jinekomasti.com\/wp-content\/uploads\/2026\/01\/newsletter-background.png) !important;padding-top:120px !important;padding-right:90px !important;padding-bottom:120px !important;padding-left:90px !important;margin-bottom:1px !important;}.stk-79dbbf3:before{background-color:#000000 !important;opacity:0.6 !important;}@media screen and (max-width:999px){.stk-79dbbf3 {padding-top:80px !important;padding-right:80px !important;padding-bottom:80px !important;padding-left:80px !important;}}@media screen and (max-width:689px){.stk-79dbbf3 {padding-top:30px !important;padding-right:30px !important;padding-bottom:30px !important;padding-left:30px !important;}}<\/style><div class=\"stk-row stk-inner-blocks stk-block-content stk-content-align stk-79dbbf3-column\">\n<div class=\"wp-block-stackable-column stk-block-column stk-column stk-block stk-f4efb9b\" data-v=\"4\" data-block-id=\"f4efb9b\"><style>.stk-f4efb9b-container{margin-top:0px !important;margin-right:0px !important;margin-bottom:0px !important;margin-left:0px !important;}.stk-f4efb9b {max-width:600px !important;min-width:auto !important;margin-right:auto !important;margin-left:auto !important;}<\/style><div class=\"stk-column-wrapper stk-block-column__content stk-container stk-f4efb9b-container stk--no-background stk--no-padding\"><div class=\"stk-block-content stk-inner-blocks stk-f4efb9b-inner-blocks\">\n<div class=\"wp-block-stackable-heading stk-block-heading stk-block-heading--v2 stk-block stk-74ee4d2\" id=\"haber-bulteni-guncellemeleri\" data-block-id=\"74ee4d2\"><style>.stk-74ee4d2 {margin-bottom:15px !important;}.stk-74ee4d2 .stk-block-heading__text{font-size:30px !important;color:var(--theme-palette-color-8, #ffffff) !important;}@media screen and (max-width:999px){.stk-74ee4d2 .stk-block-heading__text{font-size:25px !important;}}@media screen and (max-width:689px){.stk-74ee4d2 .stk-block-heading__text{font-size:20px !important;}}<\/style><h2 class=\"stk-block-heading__text has-text-color has-palette-color-8-color has-text-align-center stk-block-heading--use-theme-margins\">Newsletter Updates<\/h2><\/div>\n\n\n\n<div class=\"wp-block-stackable-text stk-block-text stk-block stk-3a6303b\" data-block-id=\"3a6303b\"><style>.stk-3a6303b .stk-block-text__text{font-size:20px !important;color:var(--theme-palette-color-8, #ffffff) !important;}@media screen and (max-width:999px){.stk-3a6303b .stk-block-text__text{font-size:15px !important;}}@media screen and (max-width:689px){.stk-3a6303b .stk-block-text__text{font-size:10px !important;}}<\/style><p class=\"stk-block-text__text has-text-color has-palette-color-8-color has-text-align-center\">Subscribe to receive emails on new product arrivals &amp; special offers<\/p><\/div>\n\n\n\n\n\t\t\t\t<script src=\"https:\/\/challenges.cloudflare.com\/turnstile\/v0\/api.js\"><\/script>\n\n\t\t\t\n\t\t\t<form id=\"sib_signup_form_2\" method=\"post\" class=\"sib_signup_form\" action=\"\">\n\t\t\t\t<div class=\"sib_loader\" style=\"display:none;\"><img\n\t\t\t\t\t\t\tsrc=\"https:\/\/jinekomasti.com\/wp-includes\/images\/spinner.gif\" alt=\"loader\"><\/div>\n\t\t\t\t<input type=\"hidden\" name=\"sib_form_action\" value=\"subscribe_form_submit\">\n\t\t\t\t<input type=\"hidden\" name=\"sib_form_id\" value=\"2\">\n                <input type=\"hidden\" name=\"sib_form_alert_notice\" value=\"Please fill out this field\">\n                <input type=\"hidden\" name=\"sib_form_invalid_email_notice\" value=\"Your email address is invalid\">\n                <input type=\"hidden\" name=\"sib_security\" value=\"6c7cf3333f\">\n\t\t\t\t<div class=\"sib_signup_box_inside_2\">\n\t\t\t\t\t<div style=\"\/*display:none*\/\" class=\"sib_msg_disp\">\n\t\t\t\t\t<\/div>\n                                            <div id=\"sib_captcha_invisible\" class=\"invi-recaptcha\" data-sitekey=\"\"><\/div>\n                    \t\t\t\t\t<div class=\"brevo-inline-form\">\r\n<p class=\"sib-email-area\"> \r\n    <input type=\"email\" class=\"sib-email-area\" name=\"email\" placeholder=\"Email Address*\" value=\"\" required=\"required\"> \r\n<\/p>\r\n<p>\r\n    <input type=\"submit\" class=\"sib-default-btn\" value=\"Subscribe\">\r\n<\/p>\r\n\r\n<p>Your e-mail address is only used to send you our newsletter and information about the activities of Jinekomasti. You can always use the unsubscribe link included in the newsletter.<\/p>\r\n\r\n<div id=\"cf-turnstile-0x4AAAAAACLwGg1wkyB6MWGv\" class=\"cf-turnstile\" data-error-callback=\"errorCallbackForTurnstileErrors\" data-sitekey=\"0x4AAAAAACLwGg1wkyB6MWGv\" data-theme=\"auto\"><\/div>\r\n<\/div>\t\t\t\t<\/div>\n\t\t\t<input type=\"hidden\" name=\"trp-form-language\" value=\"en\"\/><\/form>\n\t\t\t<style>\n\t\t\t\tform#sib_signup_form_2 p.sib-alert-message {\n    padding: 6px 12px;\n    margin-bottom: 20px;\n    border: 1px solid transparent;\n    border-radius: 4px;\n    -webkit-box-sizing: border-box;\n    -moz-box-sizing: border-box;\n    box-sizing: border-box;\n}\nform#sib_signup_form_2 p.sib-alert-message-error {\n    background-color: #f2dede;\n    border-color: #ebccd1;\n    color: #a94442;\n}\nform#sib_signup_form_2 p.sib-alert-message-success {\n    background-color: #dff0d8;\n    border-color: #d6e9c6;\n    color: #3c763d;\n}\nform#sib_signup_form_2 p.sib-alert-message-warning {\n    background-color: #fcf8e3;\n    border-color: #faebcc;\n    color: #8a6d3b;\n}\n\t\t\t<\/style>\n\t\t\t\n<\/div><\/div><\/div>\n<\/div><\/div>\n\n\n\n<div class=\"wp-block-stackable-spacer stk-block-spacer stk--no-padding stk-block stk-b759776\" data-block-id=\"b759776\"><style>.stk-b759776 {height:130px !important;}@media screen and (max-width:999px){.stk-b759776 {height:100px !important;}}<\/style><\/div>","protected":false},"excerpt":{"rendered":"<p>Hakk\u0131m\u0131zda Jinekomasti.com 2008 y\u0131l\u0131nda jinekomasti rahats\u0131zl\u0131\u011f\u0131n\u0131 bizzat ya\u015fayan bir ekip taraf\u0131ndan toplumu bu rahats\u0131zl\u0131k hakk\u0131nda bilgilendirmek ve jinekomasti rahats\u0131zl\u0131\u011f\u0131 olanlara yaln\u0131z olmad\u0131klar\u0131n\u0131 g\u00f6stermek maksad\u0131yla kuruldu. Jinekomasti.com rahats\u0131zl\u0131k hakk\u0131nda yerli yabanc\u0131 bilimsel makaleler, haberler ve en \u00f6nemlisi kullan\u0131c\u0131lar\u0131m\u0131z\u0131n hikayeleri ve yorumlar\u0131yla k\u0131sa s\u00fcrede internetin en zengin jinekomasti bilgi kayna\u011f\u0131 haline geldi. Jinekomasti.com g\u00f6\u011f\u00fcs b\u00f6lgesine bask\u0131 sa\u011flay\u0131p [&hellip;]<\/p>\n","protected":false},"author":1,"featured_media":0,"parent":20114,"menu_order":0,"comment_status":"closed","ping_status":"closed","template":"","meta":{"footnotes":""},"class_list":["post-203","page","type-page","status-publish","hentry"],"blocksy_meta":{"styles_descriptor":{"styles":{"desktop":"","tablet":"","mobile":""},"google_fonts":[],"version":6},"page_title_panel":"","has_hero_section":"disabled","cae18c3de7bedc5b6f53f33572e01345":"","hero_section":"type-1","hero_elements":[{"id":"custom_title","enabled":true,"heading_tag":"h1","title":"Home","__id":"vQAfyoPZDIgq3nZZAJ0X3"},{"id":"custom_description","enabled":true,"description_visibility":{"desktop":true,"tablet":true,"mobile":false},"__id":"4V6dL3gODIURYd8XJ-dzK"},{"id":"custom_meta","enabled":false,"meta_elements":[{"id":"author","enabled":true,"label":"By","has_author_avatar":"yes","avatar_size":25},{"id":"post_date","enabled":true,"label":"On","date_format_source":"default","date_format":"M j, Y"},{"id":"updated_date","enabled":false,"label":"On","date_format_source":"default","date_format":"M j, Y"},{"id":"categories","enabled":false,"label":"In","style":"simple"},{"id":"comments","enabled":true}],"page_meta_elements":{"joined":true,"articles_count":true,"comments":true},"__id":"9bfCm5a9qXGiI8L1JbDgq"},{"id":"breadcrumbs","enabled":false,"__id":"vPaWmDhUhLf-GymQDv0fb"}],"36e4f14ca74f76b48dbacffcd0ea6f6d":"","hero_alignment1":"CT_CSS_SKIP_RULE","hero_margin":40,"hero_alignment2":"center","hero_vertical_alignment":"center","824d71bcf27c0666174c1f297f46a76c":"","hero_structure":"narrow","25a426c6e3c98f1883c681c2edab9ce7":"","page_title_bg_type":"featured_image","custom_hero_background":{"attachment_id":null},"parallax":{"desktop":false,"tablet":false,"mobile":false},"76980b1f4241e0ba1115be40644c3e4a":"","hero_height":"250px","pageTitleFont":{"family":"Default","variation":"Default","size":"30px","line-height":"CT_CSS_SKIP_RULE","letter-spacing":"CT_CSS_SKIP_RULE","text-transform":"CT_CSS_SKIP_RULE","text-decoration":"CT_CSS_SKIP_RULE"},"pageTitleFontColor":{"default":{"color":"CT_CSS_SKIP_RULEDEFAULT"}},"pageMetaFont":{"family":"Default","variation":"n6","size":"12px","line-height":"1.3","letter-spacing":"CT_CSS_SKIP_RULE","text-transform":"uppercase","text-decoration":"CT_CSS_SKIP_RULE"},"pageMetaFontColor":{"default":{"color":"CT_CSS_SKIP_RULEDEFAULT"},"hover":{"color":"CT_CSS_SKIP_RULEDEFAULT"}},"page_meta_button_type_font_colors":{"default":{"color":"CT_CSS_SKIP_RULEDEFAULT"},"hover":{"color":"CT_CSS_SKIP_RULEDEFAULT"}},"page_meta_button_type_background_colors":{"default":{"color":"CT_CSS_SKIP_RULEDEFAULT"},"hover":{"color":"CT_CSS_SKIP_RULEDEFAULT"}},"pageExcerptFont":{"family":"Default","variation":"Default","size":"CT_CSS_SKIP_RULE","line-height":"CT_CSS_SKIP_RULE","letter-spacing":"CT_CSS_SKIP_RULE","text-transform":"CT_CSS_SKIP_RULE","text-decoration":"CT_CSS_SKIP_RULE"},"pageExcerptColor":{"default":{"color":"CT_CSS_SKIP_RULEDEFAULT"}},"breadcrumbsFont":{"family":"Default","variation":"Default","size":"CT_CSS_SKIP_RULE","line-height":"CT_CSS_SKIP_RULE","letter-spacing":"CT_CSS_SKIP_RULE","text-transform":"CT_CSS_SKIP_RULE","text-decoration":"CT_CSS_SKIP_RULE"},"breadcrumbsFontColor":{"default":{"color":"CT_CSS_SKIP_RULEDEFAULT"},"initial":{"color":"CT_CSS_SKIP_RULEDEFAULT"},"hover":{"color":"CT_CSS_SKIP_RULEDEFAULT"}},"pageTitleOverlay":{"background_type":"color","background_pattern":"type-1","background_image":{"attachment_id":null,"x":0,"y":0},"gradient":"linear-gradient(135deg,rgba(6,147,227,1) 0%,rgb(155,81,224) 100%)","background_repeat":"repeat","background_size":"auto","background_attachment":"scroll","patternColor":{"default":{"color":"#e5e7ea"}},"overlayColor":{"default":{"color":"CT_CSS_SKIP_RULE"}},"backgroundColor":{"default":{"color":"CT_CSS_SKIP_RULE"}}},"pageTitleBackground":{"background_type":"color","background_pattern":"type-1","background_image":{"attachment_id":null,"x":0,"y":0},"gradient":"linear-gradient(135deg,rgba(6,147,227,1) 0%,rgb(155,81,224) 100%)","background_repeat":"repeat","background_size":"auto","background_attachment":"scroll","patternColor":{"default":{"color":"#e5e7ea"}},"overlayColor":{"default":{"color":"CT_CSS_SKIP_RULE"}},"backgroundColor":{"default":{"color":"var(--theme-palette-color-6)"}}},"pageTitlePadding":{"top":"50px","bottom":"50px","left":"auto","right":"auto","linked":true},"727838cdb0b1b4a50b61a179627d1773":"","page_structure_type":"default","bf2280b6f99e95fe8df362e1d9c4e945":"","content_style_source":"inherit","content_style":"wide","vertical_spacing_source":"custom","content_area_spacing":"none","background":{"background_type":"color","background_pattern":"type-1","background_image":{"attachment_id":null,"x":0,"y":0},"gradient":"linear-gradient(135deg,rgba(6,147,227,1) 0%,rgb(155,81,224) 100%)","background_repeat":"repeat","background_size":"auto","background_attachment":"scroll","patternColor":{"default":{"color":"#e5e7ea"}},"overlayColor":{"default":{"color":"CT_CSS_SKIP_RULE"}},"backgroundColor":{"default":{"color":"CT_CSS_SKIP_RULE"}}},"content_background":{"background_type":"color","background_pattern":"type-1","background_image":{"attachment_id":null,"x":0,"y":0},"gradient":"linear-gradient(135deg,rgba(6,147,227,1) 0%,rgb(155,81,224) 100%)","background_repeat":"repeat","background_size":"auto","background_attachment":"scroll","patternColor":{"default":{"color":"#e5e7ea"}},"overlayColor":{"default":{"color":"CT_CSS_SKIP_RULE"}},"backgroundColor":{"default":{"color":"var(--theme-palette-color-8)"}}},"content_boxed_shadow":{"inherit":false,"blur":18,"spread":-6,"v_offset":12,"h_offset":0,"inset":false,"enable":true,"color":{"color":"rgba(34, 56, 101, 0.04)"}},"boxed_content_spacing":{"desktop":{"top":"40px","bottom":"40px","left":"40px","right":"40px","linked":true},"tablet":{"top":"35px","bottom":"35px","left":"35px","right":"35px","linked":true},"mobile":{"top":"20px","bottom":"20px","left":"20px","right":"20px","linked":true}},"content_boxed_radius":{"top":"3px","bottom":"3px","left":"3px","right":"3px","linked":true},"203928799f3efe87295f481e9e43b493":"","disable_featured_image":"no","disable_share_box":"no","disable_header":"no","disable_footer":"no"},"_links":{"self":[{"href":"https:\/\/jinekomasti.com\/en\/wp-json\/wp\/v2\/pages\/203","targetHints":{"allow":["GET"]}}],"collection":[{"href":"https:\/\/jinekomasti.com\/en\/wp-json\/wp\/v2\/pages"}],"about":[{"href":"https:\/\/jinekomasti.com\/en\/wp-json\/wp\/v2\/types\/page"}],"author":[{"embeddable":true,"href":"https:\/\/jinekomasti.com\/en\/wp-json\/wp\/v2\/users\/1"}],"replies":[{"embeddable":true,"href":"https:\/\/jinekomasti.com\/en\/wp-json\/wp\/v2\/comments?post=203"}],"version-history":[{"count":12,"href":"https:\/\/jinekomasti.com\/en\/wp-json\/wp\/v2\/pages\/203\/revisions"}],"predecessor-version":[{"id":20524,"href":"https:\/\/jinekomasti.com\/en\/wp-json\/wp\/v2\/pages\/203\/revisions\/20524"}],"up":[{"embeddable":true,"href":"https:\/\/jinekomasti.com\/en\/wp-json\/wp\/v2\/pages\/20114"}],"wp:attachment":[{"href":"https:\/\/jinekomasti.com\/en\/wp-json\/wp\/v2\/media?parent=203"}],"curies":[{"name":"wp","href":"https:\/\/api.w.org\/{rel}","templated":true}]}}