{"id":20349,"date":"2026-01-08T04:42:35","date_gmt":"2026-01-08T04:42:35","guid":{"rendered":"https:\/\/dev.jinekomasti.com\/?page_id=20349"},"modified":"2026-01-08T04:42:35","modified_gmt":"2026-01-08T04:42:35","slug":"kullanim-ve-uyelik-sartlari","status":"publish","type":"page","link":"https:\/\/jinekomasti.com\/en\/kullanim-ve-uyelik-sartlari\/","title":{"rendered":"Kullan\u0131m ve \u00dcyelik \u015eartlar\u0131"},"content":{"rendered":"<p>Jinekomasti.com bir bilgilendirme platformudur. Jinekomasti.com\u2019da yer alan bilgilerin ve\/veya uzman tavsiyelerinin hi\u00e7biri ger\u00e7ek hasta muayenesinin yerini tutmaz. Bu bilgiler hastalar\u0131n tan\u0131 ve tedavisi amac\u0131 ile kullan\u0131lamaz. Bu site i\u00e7eri\u011finin bu ama\u00e7la kullan\u0131m\u0131ndan do\u011facak t\u00fcm sorumluluk ziyaret\u00e7iye ve kullan\u0131c\u0131ya aittir. Bu siteyi ziyaret eden ki\u015filer bu uyar\u0131lar\u0131 kabul etmi\u015f say\u0131l\u0131rlar. \u00dcye uzmanlar\u0131n verdikleri cevaplar, hasta g\u00f6r\u00fc\u015fmesi yap\u0131lmadan ve muayene edilmeden verilen cevaplar olduklar\u0131 i\u00e7in sadece bilgilendirme amac\u0131 ta\u015f\u0131rlar. Jinekomasti.com\u2019da yer alan bilgilere g\u00f6re tedavinin durdurulmas\u0131 ve de\u011fi\u015ftirilmesi kesinlikle \u00f6nerilmez.<\/p>\n\n\n\n<p>Jinekomasti.com Forum b\u00f6l\u00fcm\u00fcnde soru sormak veya i\u00e7erik ekleyebilmek i\u00e7in \u00fcye olmak gereklidir.<\/p>\n\n\n\n<p><strong>G\u00fcvenlik<\/strong><br><br>Jinekomasti.com g\u00fcvenlik konusunda her t\u00fcrl\u00fc yaz\u0131l\u0131msal ve teknolojik alt yap\u0131y\u0131 ustal\u0131kla kullanmaktad\u0131r.<br><br>Jinekomasti.com Doktor Bulun ve\/ya Hastane Bulun b\u00f6l\u00fcmlerinde listelenme talebiyle ba\u015fvuran doktorlar\u0131n ve\/ya hastanelerin bu talepleri \u00f6ncelikle de\u011ferlendirilmekte ve gerekli validasyon i\u015flemleri yap\u0131ld\u0131ktan sonra onaylanmaktad\u0131r.<\/p>\n\n\n\n<p><br><strong>\u00dcyeliklerin Son Bulmas\u0131<\/strong><br><br>Jinekomasti.com\u2019a \u00fcye olarak kabul etmi\u015f say\u0131laca\u011f\u0131n\u0131z, yukar\u0131daki kurallar\u0131 i\u00e7eren anla\u015fma, Jinekomasti.com taraf\u0131ndan herhangi bir anda, \u00f6nceden uyar\u0131 yap\u0131lmaks\u0131z\u0131n bitirilebilir. Ayn\u0131 \u015fekilde siz de herhangi bir zamanda Jinekomasti.com\u2019u bilgilendirmeniz durumunda 24 saat i\u00e7inde \u00fcyeli\u011finiz iptal edilecektir.<\/p>","protected":false},"excerpt":{"rendered":"<p>Jinekomasti.com bir bilgilendirme platformudur. Jinekomasti.com\u2019da yer alan bilgilerin ve\/veya uzman tavsiyelerinin hi\u00e7biri ger\u00e7ek hasta muayenesinin yerini tutmaz. Bu bilgiler hastalar\u0131n tan\u0131 ve tedavisi amac\u0131 ile kullan\u0131lamaz. Bu site i\u00e7eri\u011finin bu ama\u00e7la kullan\u0131m\u0131ndan do\u011facak t\u00fcm sorumluluk ziyaret\u00e7iye ve kullan\u0131c\u0131ya aittir. Bu siteyi ziyaret eden ki\u015filer bu uyar\u0131lar\u0131 kabul etmi\u015f say\u0131l\u0131rlar. \u00dcye uzmanlar\u0131n verdikleri cevaplar, hasta g\u00f6r\u00fc\u015fmesi [&hellip;]<\/p>\n","protected":false},"author":1,"featured_media":0,"parent":0,"menu_order":0,"comment_status":"closed","ping_status":"closed","template":"","meta":{"footnotes":""},"class_list":["post-20349","page","type-page","status-publish","hentry"],"blocksy_meta":[],"_links":{"self":[{"href":"https:\/\/jinekomasti.com\/en\/wp-json\/wp\/v2\/pages\/20349","targetHints":{"allow":["GET"]}}],"collection":[{"href":"https:\/\/jinekomasti.com\/en\/wp-json\/wp\/v2\/pages"}],"about":[{"href":"https:\/\/jinekomasti.com\/en\/wp-json\/wp\/v2\/types\/page"}],"author":[{"embeddable":true,"href":"https:\/\/jinekomasti.com\/en\/wp-json\/wp\/v2\/users\/1"}],"replies":[{"embeddable":true,"href":"https:\/\/jinekomasti.com\/en\/wp-json\/wp\/v2\/comments?post=20349"}],"version-history":[{"count":1,"href":"https:\/\/jinekomasti.com\/en\/wp-json\/wp\/v2\/pages\/20349\/revisions"}],"predecessor-version":[{"id":20350,"href":"https:\/\/jinekomasti.com\/en\/wp-json\/wp\/v2\/pages\/20349\/revisions\/20350"}],"wp:attachment":[{"href":"https:\/\/jinekomasti.com\/en\/wp-json\/wp\/v2\/media?parent=20349"}],"curies":[{"name":"wp","href":"https:\/\/api.w.org\/{rel}","templated":true}]}}