{"id":20368,"date":"2026-01-08T06:19:04","date_gmt":"2026-01-08T06:19:04","guid":{"rendered":"https:\/\/dev.jinekomasti.com\/?page_id=20368"},"modified":"2026-01-08T06:43:32","modified_gmt":"2026-01-08T06:43:32","slug":"jinekomasti-ebeveyn-mektubu","status":"publish","type":"page","link":"https:\/\/jinekomasti.com\/en\/jinekomasti-ebeveyn-mektubu\/","title":{"rendered":"Jinekomasti Ebeveyn Mektubu"},"content":{"rendered":"\n<p>Jinekomasti rahats\u0131zl\u0131\u011f\u0131n\u0131z hakk\u0131nda aileniz ile konu\u015fmaya \u00e7ekiniyorsan\u0131z bu mektubu bizim arac\u0131l\u0131\u011f\u0131m\u0131zla ailenize g\u00f6ndererek durumunuzdan onlar\u0131 haberdar edebilirsiniz.<\/p>\n\n\n\n<div class=\"wp-block-stackable-columns stk-block-columns stk-block stk-6f3c17d\" data-block-id=\"6f3c17d\"><div class=\"stk-row stk-inner-blocks stk-block-content stk-content-align stk-6f3c17d-column\">\n<div class=\"wp-block-stackable-column stk-block-column stk-column stk-block stk-1f91d29\" data-v=\"4\" data-block-id=\"1f91d29\"><style>.stk-1f91d29 {padding-top:var(--stk--preset--spacing--none, 0px) !important;padding-right:var(--stk--preset--spacing--none, 0px) !important;padding-bottom:var(--stk--preset--spacing--none, 0px) !important;padding-left:var(--stk--preset--spacing--none, 0px) !important;margin-right:var(--stk--preset--spacing--none, 0px) !important;margin-left:var(--stk--preset--spacing--none, 0px) !important;}.stk-1f91d29-container{padding-top:var(--stk--preset--spacing--none, 0px) !important;padding-right:20rem !important;padding-bottom:var(--stk--preset--spacing--none, 0px) !important;padding-left:var(--stk--preset--spacing--none, 0px) !important;}<\/style><div class=\"stk-column-wrapper stk-block-column__content stk-container stk-1f91d29-container stk-hover-parent\"><div class=\"stk-block-content stk-inner-blocks stk-1f91d29-inner-blocks\"><div class=\"wpforms-container wpforms-block wpforms-block-5ba08bd2-d245-41f1-a386-3c3a7455c5d2 wpforms-render-modern\" id=\"wpforms-20363\"><form id=\"wpforms-form-20363\" class=\"wpforms-validate wpforms-form wpforms-ajax-form\" data-formid=\"20363\" method=\"post\" enctype=\"multipart\/form-data\" action=\"\/en\/wp-json\/wp\/v2\/pages\/20368\" data-token=\"1cd412947fc5e86815e943d8c579b21f\" data-token-time=\"1777132834\"><noscript class=\"wpforms-error-noscript\">Please enable JavaScript in your browser to complete this form.<\/noscript><div id=\"wpforms-error-noscript\" style=\"display: none;\">Please enable JavaScript in your browser to complete this form.<\/div><div class=\"wpforms-field-container\"><div id=\"wpforms-20363-field_1-container\" class=\"wpforms-field wpforms-field-name\" data-field-id=\"1\"><label class=\"wpforms-field-label\" for=\"wpforms-20363-field_1\">\u0130sim <span class=\"wpforms-required-label\" aria-hidden=\"true\">*<\/span><\/label><input type=\"text\" id=\"wpforms-20363-field_1\" class=\"wpforms-field-large wpforms-field-required\" name=\"wpforms[fields][1]\" aria-errormessage=\"wpforms-20363-field_1-error\" required><\/div><div id=\"wpforms-20363-field_4-container\" class=\"wpforms-field wpforms-field-email\" data-field-id=\"4\"><label class=\"wpforms-field-label\" for=\"wpforms-20363-field_4\">Email <span class=\"wpforms-required-label\" aria-hidden=\"true\">*<\/span><\/label><input type=\"email\" id=\"wpforms-20363-field_4\" class=\"wpforms-field-large wpforms-field-required\" name=\"wpforms[fields][4]\" spellcheck=\"false\" aria-errormessage=\"wpforms-20363-field_4-error\" required><\/div><div id=\"wpforms-20363-field_2-container\" class=\"wpforms-field wpforms-field-email\" data-field-id=\"2\"><label class=\"wpforms-field-label\" for=\"wpforms-20363-field_2\">Ebeveyn Email <span class=\"wpforms-required-label\" aria-hidden=\"true\">*<\/span><\/label><input type=\"email\" id=\"wpforms-20363-field_2\" class=\"wpforms-field-large wpforms-field-required\" name=\"wpforms[fields][2]\" spellcheck=\"false\" aria-errormessage=\"wpforms-20363-field_2-error\" required><\/div>\t\t<div id=\"wpforms-20363-field_5-container\"\n\t\t\tclass=\"wpforms-field wpforms-field-text\"\n\t\t\tdata-field-type=\"text\"\n\t\t\tdata-field-id=\"5\"\n\t\t\t>\n\t\t\t<label class=\"wpforms-field-label\" for=\"wpforms-20363-field_5\" >Mesaj\u0131n\u0131z Ebeveyn Email<\/label>\n\t\t\t<input type=\"text\" id=\"wpforms-20363-field_5\" class=\"wpforms-field-medium\" name=\"wpforms[fields][5]\" >\n\t\t<\/div>\n\t\t<div id=\"wpforms-20363-field_3-container\" class=\"wpforms-field wpforms-field-textarea\" data-field-id=\"3\"><label class=\"wpforms-field-label\" for=\"wpforms-20363-field_3\">Mesaj\u0131n\u0131z <span class=\"wpforms-required-label\" aria-hidden=\"true\">*<\/span><\/label><textarea id=\"wpforms-20363-field_3\" class=\"wpforms-field-medium wpforms-field-required\" name=\"wpforms[fields][3]\" aria-errormessage=\"wpforms-20363-field_3-error\" required><\/textarea><\/div><script>\n\t\t\t\t( function() {\n\t\t\t\t\tconst style = document.createElement( 'style' );\n\t\t\t\t\tstyle.appendChild( document.createTextNode( '#wpforms-20363-field_5-container { position: absolute !important; overflow: hidden !important; display: inline !important; height: 1px !important; width: 1px !important; z-index: -1000 !important; padding: 0 !important; } #wpforms-20363-field_5-container input { visibility: hidden; } #wpforms-conversational-form-page #wpforms-20363-field_5-container label { counter-increment: none; }' ) );\n\t\t\t\t\tdocument.head.appendChild( style );\n\t\t\t\t\tdocument.currentScript?.remove();\n\t\t\t\t} )();\n\t\t\t<\/script><\/div><!-- .wpforms-field-container --><div class=\"wpforms-submit-container\" ><input type=\"hidden\" name=\"wpforms[id]\" value=\"20363\"><input type=\"hidden\" name=\"page_title\" value=\"\"><input type=\"hidden\" name=\"page_url\" value=\"https:\/\/jinekomasti.com\/en\/wp-json\/wp\/v2\/pages\/20368\"><input type=\"hidden\" name=\"url_referer\" value=\"\"><button type=\"submit\" name=\"wpforms[submit]\" id=\"wpforms-submit-20363\" class=\"wpforms-submit\" data-alt-text=\"G\u00f6nderiliyor...\" data-submit-text=\"G\u00f6nder\" aria-live=\"assertive\" value=\"wpforms-submit\">G\u00f6nder<\/button><img loading=\"lazy\" decoding=\"async\" src=\"https:\/\/jinekomasti.com\/wp-content\/plugins\/wpforms-lite\/assets\/images\/submit-spin.svg\" class=\"wpforms-submit-spinner\" style=\"display: none;\" width=\"26\" height=\"26\" alt=\"Loading\"><\/div><\/form><\/div>  <!-- .wpforms-container --><\/div><\/div><\/div>\n<\/div><\/div>\n\n\n\n<p><\/p>\n","protected":false},"excerpt":{"rendered":"<p>Jinekomasti rahats\u0131zl\u0131\u011f\u0131n\u0131z hakk\u0131nda aileniz ile konu\u015fmaya \u00e7ekiniyorsan\u0131z bu mektubu bizim arac\u0131l\u0131\u011f\u0131m\u0131zla ailenize g\u00f6ndererek durumunuzdan onlar\u0131 haberdar edebilirsiniz.<\/p>","protected":false},"author":1,"featured_media":0,"parent":0,"menu_order":0,"comment_status":"closed","ping_status":"closed","template":"","meta":{"footnotes":""},"class_list":["post-20368","page","type-page","status-publish","hentry"],"blocksy_meta":[],"_links":{"self":[{"href":"https:\/\/jinekomasti.com\/en\/wp-json\/wp\/v2\/pages\/20368","targetHints":{"allow":["GET"]}}],"collection":[{"href":"https:\/\/jinekomasti.com\/en\/wp-json\/wp\/v2\/pages"}],"about":[{"href":"https:\/\/jinekomasti.com\/en\/wp-json\/wp\/v2\/types\/page"}],"author":[{"embeddable":true,"href":"https:\/\/jinekomasti.com\/en\/wp-json\/wp\/v2\/users\/1"}],"replies":[{"embeddable":true,"href":"https:\/\/jinekomasti.com\/en\/wp-json\/wp\/v2\/comments?post=20368"}],"version-history":[{"count":4,"href":"https:\/\/jinekomasti.com\/en\/wp-json\/wp\/v2\/pages\/20368\/revisions"}],"predecessor-version":[{"id":20378,"href":"https:\/\/jinekomasti.com\/en\/wp-json\/wp\/v2\/pages\/20368\/revisions\/20378"}],"wp:attachment":[{"href":"https:\/\/jinekomasti.com\/en\/wp-json\/wp\/v2\/media?parent=20368"}],"curies":[{"name":"wp","href":"https:\/\/api.w.org\/{rel}","templated":true}]}}