{"id":20499,"date":"2026-01-14T06:18:57","date_gmt":"2026-01-14T06:18:57","guid":{"rendered":"https:\/\/dev.jinekomasti.com\/?page_id=20499"},"modified":"2026-01-14T06:27:34","modified_gmt":"2026-01-14T06:27:34","slug":"jinekomasti","status":"publish","type":"page","link":"https:\/\/jinekomasti.com\/en\/jinekomasti\/","title":{"rendered":"Gynecomastia"},"content":{"rendered":"<div class=\"wp-block-stackable-posts stk-block-posts stk-block stk-18ae46f is-style-default\" data-v=\"2\" data-block-id=\"18ae46f\"><style>.stk-18ae46f {--stk-columns:1 !important;}.stk-18ae46f .stk-img-wrapper{width:100% !important;height:500px !important;}<\/style><div class=\"stk-inner-blocks stk-content-align stk-18ae46f-column\"><div class=\"stk-block-posts__items\"><div class=\"stk-block-posts__item\"><div class=\"stk-container stk-18ae46f-container stk--no-background stk--no-padding\"><article><h4 class=\"stk-block-posts__title\"><a href='https:\/\/jinekomasti.com\/en\/jinekomasti-makaleleri\/jinekomasti-hakknda\/jinekomasti-nedir\/'>Jinekomasti Nedir?<\/a><\/h4><div class=\"stk-block-posts__meta stk-subtitle\"><span>82 comments<\/span><\/div><div class=\"stk-block-posts__excerpt\"><p>Jinekomasti, erkeklerde anormal meme b\u00fcy\u00fcmesi demektir. S\u00f6zc\u00fck, Yunanca gyne (kad\u0131n) ve mastos (meme) kelimelerinin birle\u015fmesinden olu\u015fturulmu\u015ftur. Sebebi tam olarak bilinmemekle beraber, birden \u00e7ok sebebi olabilece\u011fi d\u00fc\u015f\u00fcn\u00fclmektedir. Genellikle seks hormonlar\u0131ndaki dengesizlikten kaynakland\u0131\u011f\u0131 d\u00fc\u015f\u00fcn\u00fcl\u00fcr. Ergenlik \u00e7a\u011f\u0131ndaki erkeklerde rastlanan jinekomasti, vakalar\u0131n b\u00fcy\u00fck \u00e7o\u011funlu\u011funda birka\u00e7 y\u0131l i\u00e7inde kaybolur. Herhangi bir sa\u011fl\u0131k tehlikesi yaratmamakla beraber, nadir durumlarda sa\u011fl\u0131\u011f\u0131 tehdit edebilecek&hellip;<\/p>\n<\/div><a class=\"stk-block-posts__readmore\" href=\"https:\/\/jinekomasti.com\/en\/jinekomasti-makaleleri\/jinekomasti-hakknda\/jinekomasti-nedir\/\">Continue Reading<\/a><\/article><\/div><\/div><div class=\"stk-block-posts__item\"><div class=\"stk-container stk-18ae46f-container stk--no-background stk--no-padding\"><article><h4 class=\"stk-block-posts__title\"><a href='https:\/\/jinekomasti.com\/en\/jinekomasti-makaleleri\/jinekomasti-hakknda\/jinekomasti-hakkinda-sik-sorulan-sorular\/'>Jinekomasti Hakk\u0131nda S\u0131k Sorulan Sorular<\/a><\/h4><div class=\"stk-block-posts__meta stk-subtitle\"><span>10 comments<\/span><\/div><div class=\"stk-block-posts__excerpt\"><p>1. Erkekte meme b\u00fcy\u00fcmesi \u00e7\u00f6z\u00fcm\u00fc i\u00e7in mutlaka ameliyat m\u0131 gerekli? 2. Jinekomasti ila\u00e7larla tedavi edilebilir mi? 3. Jinekomasti meme kanseri riskini art\u0131r\u0131r m\u0131? 4. Meme b\u00fcy\u00fcmesi \u00f6zellikle ergenlik d\u00f6neminde ciddi bir kompleks yarat\u0131yor mu? 5. Jinekomasti ameliyat sonras\u0131 memenin tekrar b\u00fcy\u00fcme riski var m\u0131? 6. Jinekomasti ameliyat\u0131 ka\u00e7 ya\u015f\u0131ndan itibaren yap\u0131labilir? 7. Ameliyat ne t\u00fcr&hellip;<\/p>\n<\/div><a class=\"stk-block-posts__readmore\" href=\"https:\/\/jinekomasti.com\/en\/jinekomasti-makaleleri\/jinekomasti-hakknda\/jinekomasti-hakkinda-sik-sorulan-sorular\/\">Continue Reading<\/a><\/article><\/div><\/div><div class=\"stk-block-posts__item\"><div class=\"stk-container stk-18ae46f-container stk--no-background stk--no-padding\"><article><h4 class=\"stk-block-posts__title\"><a href='https:\/\/jinekomasti.com\/en\/jinekomasti-makaleleri\/jinekomasti-hakknda\/ameliyat-ucretleri\/'>Ameliyat \u00dccretleri<\/a><\/h4><div class=\"stk-block-posts__meta stk-subtitle\"><span>1071 comments<\/span><\/div><div class=\"stk-block-posts__excerpt\"><p>Jinekomasti ameliyat \u00fccreti bulundu\u011funuz b\u00f6lgeye, jinekomastinin derecesine ve di\u011fer baz\u0131 durumlara ba\u011fl\u0131 olarak de\u011fi\u015fiklik g\u00f6stermektedir. Ameliyat ge\u00e7iren jinekomasti hastalar\u0131 ve jinekomasti uzman\u0131 doktorlar\u0131n buraya yazacaklar\u0131 yorumlar ameliyat \u00fccretleri konusunda sa\u011fl\u0131kl\u0131 bir fikir edinmenizi sa\u011flayacakt\u0131r. L\u00fctfen ameliyat yap\u0131lan b\u00f6lgeyi\/\u015fehri ve \u00fccreti etkileyebilece\u011fini d\u00fc\u015f\u00fcnd\u00fc\u011f\u00fcn\u00fcz di\u011fer detaylar\u0131 (\u00f6zel hastane\/\u00fcniversite hastanesi, vb) yazmay\u0131 unutmay\u0131n. L\u00fctfen ameliyat ile ilgili soru&hellip;<\/p>\n<\/div><a class=\"stk-block-posts__readmore\" href=\"https:\/\/jinekomasti.com\/en\/jinekomasti-makaleleri\/jinekomasti-hakknda\/ameliyat-ucretleri\/\">Continue Reading<\/a><\/article><\/div><\/div><div class=\"stk-block-posts__item\"><div class=\"stk-container stk-18ae46f-container stk--no-background stk--no-padding\"><article><h4 class=\"stk-block-posts__title\"><a href='https:\/\/jinekomasti.com\/en\/jinekomasti-makaleleri\/jinekomasti-hakknda\/jinekomasti-ameliyati\/'>Jinekomasti Ameliyat\u0131<\/a><\/h4><div class=\"stk-block-posts__meta stk-subtitle\"><span>41 comments<\/span><\/div><div class=\"stk-block-posts__excerpt\"><p>Jinekomasti \u00e7e\u015fitli sebeplerden kaynaklanabilece\u011fi i\u00e7in ameliyat karar\u0131 al\u0131nmadan \u00f6nce baz\u0131 testlerin yap\u0131lmas\u0131 gerekmektedir. Kulland\u0131\u011f\u0131n\u0131z bir ila\u00e7 veya hormonal dengesizlik jinekomastiye neden olabilmektedir. Nadir de olsa baz\u0131 durumlarda kullan\u0131lan ilac\u0131n kesilmesi veya ya\u015fa ba\u011fl\u0131 olarak hormonal tedavi ameliyat\u0131 gereksiz k\u0131labilir. Bu tetkiklerin yap\u0131lmas\u0131 ameliyat sonras\u0131 meme dokusunda tekrar b\u00fcy\u00fcme gibi sorunlar\u0131n \u00f6n\u00fcne ge\u00e7mek i\u00e7in \u015fartt\u0131r.Ameliyat \u00d6ncesiKulland\u0131\u011f\u0131n\u0131z&hellip;<\/p>\n<\/div><a class=\"stk-block-posts__readmore\" href=\"https:\/\/jinekomasti.com\/en\/jinekomasti-makaleleri\/jinekomasti-hakknda\/jinekomasti-ameliyati\/\">Continue Reading<\/a><\/article><\/div><\/div><div class=\"stk-block-posts__item\"><div class=\"stk-container stk-18ae46f-container stk--no-background stk--no-padding\"><article><h4 class=\"stk-block-posts__title\"><a href='https:\/\/jinekomasti.com\/en\/jinekomasti-makaleleri\/jinekomasti-hakknda\/jinekomasti-tedavisi\/'>Jinekomasti Tedavisi<\/a><\/h4><div class=\"stk-block-posts__meta stk-subtitle\"><span>1 comment<\/span><\/div><div class=\"stk-block-posts__excerpt\"><p>Jinekomasti tedavisi hastan\u0131n endokrinolojik tetkikleri yap\u0131ld\u0131ktan sonra netlik kazan\u0131r. Ameliyat karar\u0131 verilmeden \u00f6nce hastan\u0131n ya\u015f\u0131na bak\u0131l\u0131r. K\u00fc\u00e7\u00fck ya\u015fl\u0131 hastalarda jinekomasti ergenlik d\u00f6nemi tamamland\u0131ktan sonra kendili\u011finden ge\u00e7ebildi\u011finden beklemeleri tavsiye edilebilir. Yine ender baz\u0131 durumlarda jinekomasti ila\u00e7 kullan\u0131m\u0131na ba\u011fl\u0131 yan etki olarak g\u00f6r\u00fclebilir. Bu gibi durumlarda da ameliyat karar\u0131 verilmeden \u00f6nce ila\u00e7 kullan\u0131m\u0131n\u0131n kesilmesi sonras\u0131 jinekomastinin kendili\u011finden&hellip;<\/p>\n<\/div><a class=\"stk-block-posts__readmore\" href=\"https:\/\/jinekomasti.com\/en\/jinekomasti-makaleleri\/jinekomasti-hakknda\/jinekomasti-tedavisi\/\">Continue Reading<\/a><\/article><\/div><\/div><div class=\"stk-block-posts__item\"><div class=\"stk-container stk-18ae46f-container stk--no-background stk--no-padding\"><article><h4 class=\"stk-block-posts__title\"><a href='https:\/\/jinekomasti.com\/en\/jinekomasti-makaleleri\/jinekomasti-hakknda\/doktor-secerken-sormaniz-gereken-sorular\/'>Doktor Se\u00e7erken Sorman\u0131z Gereken Sorular<\/a><\/h4><div class=\"stk-block-posts__meta stk-subtitle\"><span>2 comments<\/span><\/div><div class=\"stk-block-posts__excerpt\"><p>Jinekomasti ameliyat\u0131 olmaya karar verdiniz ve senelerdir \u00e7ekti\u011finiz bu s\u0131k\u0131nt\u0131dan kurtulman\u0131za yard\u0131mc\u0131 olacak bir doktor ar\u0131yorsunuz. Bu s\u00fcre\u00e7te doktorunuza sorabilece\u011finiz \/ sorman\u0131z\u0131 tavsiye etti\u011fimiz sorular\u0131 a\u015fa\u011f\u0131da bulabilirsiniz: Bran\u015f\u0131n\u0131z nedir? (Genel\/G\u00f6\u011f\u00fcs cerrahlar\u0131 da bu ameliyat\u0131 yapabilir fakat genelde estetik cerrahlar ile daha iyi sonu\u00e7lar alabilirsiniz.) Ka\u00e7 y\u0131ld\u0131r jinekomasti ameliyat\u0131 yap\u0131yorsunuz? Ne s\u0131kl\u0131kta jinekomasti ameliyat\u0131 yap\u0131yorsunuz? Ge\u00e7en&hellip;<\/p>\n<\/div><a class=\"stk-block-posts__readmore\" href=\"https:\/\/jinekomasti.com\/en\/jinekomasti-makaleleri\/jinekomasti-hakknda\/doktor-secerken-sormaniz-gereken-sorular\/\">Continue Reading<\/a><\/article><\/div><\/div><\/div><div class=\"stk-inner-blocks\"><\/div><\/div><\/div>","protected":false},"excerpt":{"rendered":"<p>Jinekomasti Nedir? 82 comments Jinekomasti, erkeklerde anormal meme b\u00fcy\u00fcmesi demektir. S\u00f6zc\u00fck, Yunanca gyne (kad\u0131n) ve mastos (meme) kelimelerinin birle\u015fmesinden olu\u015fturulmu\u015ftur. Sebebi tam olarak bilinmemekle beraber, birden \u00e7ok sebebi olabilece\u011fi d\u00fc\u015f\u00fcn\u00fclmektedir. Genellikle seks hormonlar\u0131ndaki dengesizlikten kaynakland\u0131\u011f\u0131 d\u00fc\u015f\u00fcn\u00fcl\u00fcr. Ergenlik \u00e7a\u011f\u0131ndaki erkeklerde rastlanan jinekomasti, vakalar\u0131n b\u00fcy\u00fck \u00e7o\u011funlu\u011funda birka\u00e7 y\u0131l i\u00e7inde kaybolur. Herhangi bir sa\u011fl\u0131k tehlikesi yaratmamakla beraber, nadir [&hellip;]<\/p>\n","protected":false},"author":1,"featured_media":0,"parent":0,"menu_order":0,"comment_status":"closed","ping_status":"closed","template":"","meta":{"footnotes":""},"class_list":["post-20499","page","type-page","status-publish","hentry"],"blocksy_meta":{"page_structure_type":"type-1","styles_descriptor":{"styles":{"desktop":"","tablet":"","mobile":""},"google_fonts":[],"version":6}},"_links":{"self":[{"href":"https:\/\/jinekomasti.com\/en\/wp-json\/wp\/v2\/pages\/20499","targetHints":{"allow":["GET"]}}],"collection":[{"href":"https:\/\/jinekomasti.com\/en\/wp-json\/wp\/v2\/pages"}],"about":[{"href":"https:\/\/jinekomasti.com\/en\/wp-json\/wp\/v2\/types\/page"}],"author":[{"embeddable":true,"href":"https:\/\/jinekomasti.com\/en\/wp-json\/wp\/v2\/users\/1"}],"replies":[{"embeddable":true,"href":"https:\/\/jinekomasti.com\/en\/wp-json\/wp\/v2\/comments?post=20499"}],"version-history":[{"count":8,"href":"https:\/\/jinekomasti.com\/en\/wp-json\/wp\/v2\/pages\/20499\/revisions"}],"predecessor-version":[{"id":20509,"href":"https:\/\/jinekomasti.com\/en\/wp-json\/wp\/v2\/pages\/20499\/revisions\/20509"}],"wp:attachment":[{"href":"https:\/\/jinekomasti.com\/en\/wp-json\/wp\/v2\/media?parent=20499"}],"curies":[{"name":"wp","href":"https:\/\/api.w.org\/{rel}","templated":true}]}}