{"id":85,"date":"2026-01-08T00:09:00","date_gmt":"2026-01-08T00:09:00","guid":{"rendered":"https:\/\/startersites.io\/blocksy\/garderobe\/?page_id=85"},"modified":"2026-01-08T00:09:27","modified_gmt":"2026-01-08T00:09:27","slug":"iade-ve-degisim","status":"publish","type":"page","link":"https:\/\/jinekomasti.com\/en\/yardim\/iade-ve-degisim\/","title":{"rendered":"\u0130ade &amp; De\u011fi\u015fim"},"content":{"rendered":"<p>Al\u0131c\u0131 \u00fcr\u00fcn\u00fc teslim ald\u0131ktan sonraki 7 g\u00fcn i\u00e7erisinde \u00fcr\u00fcn\u00fc iade edebilir veya ba\u015fka bir \u00fcr\u00fcnle de\u011fi\u015ftirebilir.&nbsp;<\/p>\n\n\n\n<p>\u00dcr\u00fcnlerimiz paketi a\u00e7\u0131ld\u0131ktan sonra hijyen nedeniyle sa\u011fl\u0131k a\u00e7\u0131s\u0131ndan tehlike arzedebilen \u00fcr\u00fcnler (kullan\u0131m esnas\u0131nda v\u00fccudunuza temas eden i\u00e7 \u00e7ama\u015f\u0131r \u00fcr\u00fcnleri) s\u0131n\u0131f\u0131na girdi\u011finden paketi a\u00e7\u0131lm\u0131\u015f veya kullan\u0131lm\u0131\u015f \u00fcr\u00fcnlerin iade veya de\u011fi\u015fimi kabul edilmemektedir.&nbsp;\u0130ade veya de\u011fi\u015fim i\u00e7in geri g\u00f6nderilen \u00fcr\u00fcn\u00fcn paketinin a\u00e7\u0131lm\u0131\u015f veya \u00fcr\u00fcn\u00fcn kullan\u0131lm\u0131\u015f oldu\u011funun tespit edilmesi durumunda Jinekomasti.com iade veya de\u011fi\u015fim talebini reddetme hakk\u0131n\u0131 sakl\u0131 tutmaktad\u0131r.<\/p>\n\n\n\n<p>\u0130ade veya de\u011fi\u015fimlerde kargo \u00fccreti al\u0131c\u0131ya aittir.<\/p>\n\n\n\n<p><\/p>","protected":false},"excerpt":{"rendered":"<p>Al\u0131c\u0131 \u00fcr\u00fcn\u00fc teslim ald\u0131ktan sonraki 7 g\u00fcn i\u00e7erisinde \u00fcr\u00fcn\u00fc iade edebilir veya ba\u015fka bir \u00fcr\u00fcnle de\u011fi\u015ftirebilir.&nbsp; \u00dcr\u00fcnlerimiz paketi a\u00e7\u0131ld\u0131ktan sonra hijyen nedeniyle sa\u011fl\u0131k a\u00e7\u0131s\u0131ndan tehlike arzedebilen \u00fcr\u00fcnler (kullan\u0131m esnas\u0131nda v\u00fccudunuza temas eden i\u00e7 \u00e7ama\u015f\u0131r \u00fcr\u00fcnleri) s\u0131n\u0131f\u0131na girdi\u011finden paketi a\u00e7\u0131lm\u0131\u015f veya kullan\u0131lm\u0131\u015f \u00fcr\u00fcnlerin iade veya de\u011fi\u015fimi kabul edilmemektedir.&nbsp;\u0130ade veya de\u011fi\u015fim i\u00e7in geri g\u00f6nderilen \u00fcr\u00fcn\u00fcn paketinin a\u00e7\u0131lm\u0131\u015f [&hellip;]<\/p>\n","protected":false},"author":1,"featured_media":0,"parent":20028,"menu_order":0,"comment_status":"closed","ping_status":"closed","template":"","meta":{"footnotes":""},"class_list":["post-85","page","type-page","status-publish","hentry"],"blocksy_meta":[],"_links":{"self":[{"href":"https:\/\/jinekomasti.com\/en\/wp-json\/wp\/v2\/pages\/85","targetHints":{"allow":["GET"]}}],"collection":[{"href":"https:\/\/jinekomasti.com\/en\/wp-json\/wp\/v2\/pages"}],"about":[{"href":"https:\/\/jinekomasti.com\/en\/wp-json\/wp\/v2\/types\/page"}],"author":[{"embeddable":true,"href":"https:\/\/jinekomasti.com\/en\/wp-json\/wp\/v2\/users\/1"}],"replies":[{"embeddable":true,"href":"https:\/\/jinekomasti.com\/en\/wp-json\/wp\/v2\/comments?post=85"}],"version-history":[{"count":1,"href":"https:\/\/jinekomasti.com\/en\/wp-json\/wp\/v2\/pages\/85\/revisions"}],"predecessor-version":[{"id":20238,"href":"https:\/\/jinekomasti.com\/en\/wp-json\/wp\/v2\/pages\/85\/revisions\/20238"}],"up":[{"embeddable":true,"href":"https:\/\/jinekomasti.com\/en\/wp-json\/wp\/v2\/pages\/20028"}],"wp:attachment":[{"href":"https:\/\/jinekomasti.com\/en\/wp-json\/wp\/v2\/media?parent=85"}],"curies":[{"name":"wp","href":"https:\/\/api.w.org\/{rel}","templated":true}]}}