{"id":15074,"date":"2009-02-23T02:00:18","date_gmt":"2009-02-23T02:00:18","guid":{"rendered":"https:\/\/dev.jinekomasti.com\/product\/j93-jinekomasti-atleti-2\/"},"modified":"2026-03-12T16:50:42","modified_gmt":"2026-03-12T16:50:42","slug":"j93-jinekomasti-atleti","status":"publish","type":"product","link":"https:\/\/jinekomasti.com\/en\/product\/j93-jinekomasti-atleti\/","title":{"rendered":"J93 Gynecomastia Undershirt"},"content":{"rendered":"<p><span style=\"color: #2c5987;\"><strong>\u00dcr\u00fcn A\u00e7\u0131klamas\u0131<\/strong><\/span><\/p>\n<p>J93 Kolsuz Likra Spandex Jinekomasti Atleti v\u00fccudunuza rahat\u00e7a oturur ve sizinle beraber hareket eder. G\u00fc\u00e7l\u00fc likra spandex kuma\u015f g\u00f6\u011f\u00fcs ve kar\u0131n b\u00f6lgesine bask\u0131 uygulayarak d\u00fczle\u015ftirir. \u00c7ift katmanl\u0131 yap\u0131s\u0131 extra bask\u0131 sa\u011flar. Giysi alt\u0131ndan belli olmaz.<\/p>\n<p>Jinekomasti rahats\u0131zl\u0131\u011f\u0131 olanlar taraf\u0131ndan d\u00fcz bir g\u00f6r\u00fcn\u00fcm kazanmak i\u00e7in kullan\u0131labilece\u011fi gibi jinekomasti ameliyat\u0131 sonras\u0131 \u015fi\u015fli\u011fi \u00f6nlemek, derinin v\u00fccuda yerle\u015fmesini ve yeni \u015feklini almas\u0131n\u0131 h\u0131zland\u0131racak bir etki sa\u011flamas\u0131 i\u00e7in korseye alternatif olarak kullan\u0131labilir.<\/p>\n<p><strong style=\"color: #2c5987;\">\u00dcr\u00fcn \u00d6zellikleri<\/strong><\/p>\n<ul>\n<li>Sleeveless<\/li>\n<li>\u00c7ift Katman<\/li>\n<li>Extra Bask\u0131<\/li>\n<li>Likra Spandex Kuma\u015f<\/li>\n<li>Extra Comfort<\/li>\n<\/ul>\n<p><strong style=\"color: #2c5987;\">Kullan\u0131m ve Bak\u0131m Talimat\u0131<\/strong><\/p>\n<p>Normal atlet giyer gibi giyiniz. G\u00fcn boyu \u00fczerinizde kalmas\u0131nda bir sak\u0131nca yoktur.<br \/>\n\u00dcr\u00fcn\u00fcn so\u011fuk su ile elde veya makinede y\u0131kanmas\u0131 ve ipte kurutulmas\u0131 tavsiye edilmektedir.<\/p>\n<p><strong style=\"color: #2c5987;\">Beden Se\u00e7imi<\/strong><\/p>\n<p>\u00dcr\u00fcnden azami fayda sa\u011flayabilmeniz i\u00e7in do\u011fru bedeni se\u00e7meniz \u00f6nemlidir. L\u00fctfen beden se\u00e7imini kulland\u0131\u011f\u0131n\u0131z di\u011fer giysilere g\u00f6re de\u011fil g\u00f6\u011f\u00fcs \u00f6l\u00e7\u00fcn\u00fcz\u00fc al\u0131p yukar\u0131daki beden se\u00e7eneklerindeki de\u011ferlerle kar\u015f\u0131la\u015ft\u0131rarak yap\u0131n\u0131z.<\/p>\n<p><span style=\"color: #2c5987;\"><strong>Alternatif Kullan\u0131m Alanlar\u0131<\/strong><\/span><\/p>\n<p><strong>Daha zay\u0131f ve zinde g\u00f6r\u00fcnmek i\u00e7in;<\/strong><\/p>\n<p>Karin ve bel b\u00f6lgesindeki fazla kilolar\u0131n\u0131z\u0131 saklamak ve daha zay\u0131f ve zinde bir g\u00f6r\u00fcn\u00fcm i\u00e7in d\u00fczle\u015ftirici atletleri kullanabilirsiniz. \u0130\u015f g\u00f6r\u00fc\u015fmesi, mezuniyet balosu, d\u00fc\u011f\u00fcn vb. gibi \u00f6nemli g\u00fcnleri i\u00e7in m\u00fc\u015fterilerimiz taraf\u0131ndan kullan\u0131lmaktad\u0131r.<\/p>\n<p><strong>Kilo kayb\u0131 sonras\u0131 sarkmalar\u0131 gizlemek i\u00e7in;<\/strong><\/p>\n<p>A\u015f\u0131r\u0131 kilo kayb\u0131 sonras\u0131 derideki sarkmalar\u0131 gizlemek i\u00e7in de d\u00fczle\u015ftirici atletlerden faydalanabilirsiniz.<\/p>\n<p><strong>Ameliyat sonras\u0131 iyile\u015fme s\u00fcrecini h\u0131zland\u0131rmak i\u00e7in;<\/strong><\/p>\n<p>G\u00f6\u011f\u00fcs, kar\u0131n ve s\u0131rt b\u00f6lgesine yap\u0131lacak ameliyat sonras\u0131 iyile\u015fme s\u00fcrecini h\u0131zland\u0131rmak i\u00e7in d\u00fczle\u015ftirici atletleri kullanabilirsiniz. Atlet uygulayaca\u011f\u0131 bask\u0131 ile ameliyat b\u00f6lgesinde toksik s\u0131v\u0131 birikimini engelleyerek, b\u00f6lgedeki kan dola\u015f\u0131m\u0131n\u0131 h\u0131zland\u0131rarak ve \u00f6ks\u00fcrme veya hap\u015f\u0131rman\u0131n b\u00f6lge i\u00e7in etkisini en aza indirererek iyile\u015fme s\u00fcrecini h\u0131zland\u0131r\u0131r.<\/p>\n<p><strong>S\u0131rt ve bel a\u011fr\u0131lar\u0131n\u0131 gidermek i\u00e7in;<\/strong><\/p>\n<p>D\u00fczle\u015ftirici atletler bel ve s\u0131rt b\u00f6lgesine devaml\u0131 destek uygulayarak ve kaslar\u0131 s\u0131cak tutarak bel ve s\u0131rt a\u011fr\u0131lar\u0131n\u0131 en aza indirir. Uzun s\u00fcreli oturma, ayakta durma veya bel b\u00f6lgesini etkileyen i\u015flerde \u00e7al\u0131\u015fanlar i\u00e7in ideal bir \u00fcr\u00fcnd\u00fcr.<\/p>\n<p><strong>Spor s\u0131ras\u0131nda ve sonras\u0131ndaki faydalar\u0131 i\u00e7in;<\/strong><\/p>\n<p>Spor s\u0131ras\u0131nda nefes alan yap\u0131s\u0131yla v\u00fccut s\u0131cakl\u0131\u011f\u0131n\u0131 ve kan dola\u015f\u0131m\u0131n\u0131 dengeler ve spor sonras\u0131 kas a\u011fr\u0131lar\u0131n\u0131 en aza indirir.<\/p>","protected":false},"excerpt":{"rendered":"<p>Sleeveless, Double Layer, Extra Pressure, Lycra Spandex Fabric, Extra Comfort<\/p>","protected":false},"featured_media":842,"comment_status":"open","ping_status":"closed","template":"","meta":[],"product_brand":[],"product_cat":[60],"product_tag":[68,69,73,67,72],"class_list":{"0":"post-15074","1":"product","2":"type-product","3":"status-publish","4":"has-post-thumbnail","6":"product_cat-9x-serisi-jinekomasti-atletleri","7":"product_tag-cift-katman","8":"product_tag-extra-baski","9":"product_tag-extra-rahatlik","10":"product_tag-kolsuz","11":"product_tag-likra-spandex-kumas","12":"pa_beden-l110_122cm","13":"pa_beden-m98_110cm","14":"pa_beden-s86_97cm","15":"pa_beden-xl123_134cm","16":"pa_renk-beyaz","18":"first","19":"instock","20":"sale","21":"shipping-taxable","22":"purchasable","23":"product-type-variable","24":"has-default-attributes"},"_links":{"self":[{"href":"https:\/\/jinekomasti.com\/en\/wp-json\/wp\/v2\/product\/15074","targetHints":{"allow":["GET"]}}],"collection":[{"href":"https:\/\/jinekomasti.com\/en\/wp-json\/wp\/v2\/product"}],"about":[{"href":"https:\/\/jinekomasti.com\/en\/wp-json\/wp\/v2\/types\/product"}],"replies":[{"embeddable":true,"href":"https:\/\/jinekomasti.com\/en\/wp-json\/wp\/v2\/comments?post=15074"}],"wp:featuredmedia":[{"embeddable":true,"href":"https:\/\/jinekomasti.com\/en\/wp-json\/wp\/v2\/media\/842"}],"wp:attachment":[{"href":"https:\/\/jinekomasti.com\/en\/wp-json\/wp\/v2\/media?parent=15074"}],"wp:term":[{"taxonomy":"product_brand","embeddable":true,"href":"https:\/\/jinekomasti.com\/en\/wp-json\/wp\/v2\/product_brand?post=15074"},{"taxonomy":"product_cat","embeddable":true,"href":"https:\/\/jinekomasti.com\/en\/wp-json\/wp\/v2\/product_cat?post=15074"},{"taxonomy":"product_tag","embeddable":true,"href":"https:\/\/jinekomasti.com\/en\/wp-json\/wp\/v2\/product_tag?post=15074"}],"curies":[{"name":"wp","href":"https:\/\/api.w.org\/{rel}","templated":true}]}}