{"id":20636,"date":"2026-03-13T23:14:10","date_gmt":"2026-03-13T23:14:10","guid":{"rendered":"https:\/\/jinekomasti.com\/?post_type=product&#038;p=20636"},"modified":"2026-04-14T12:25:17","modified_gmt":"2026-04-14T12:25:17","slug":"atlas-ultra-jinekomasti-atleti","status":"publish","type":"product","link":"https:\/\/jinekomasti.com\/en\/product\/atlas-ultra-jinekomasti-atleti\/","title":{"rendered":"Atlas Ultra Jinekomasti Atleti"},"content":{"rendered":"<p><span style=\"color: #2c5987;\"><strong>\u00dcr\u00fcn A\u00e7\u0131klamas\u0131<\/strong><\/span><\/p>\n<p><b data-path-to-node=\"7,0\" data-index-in-node=\"0\">\ud83d\udce2 \u00d6n Sipari\u015f Avantaj\u0131 ve Teslimat Hakk\u0131nda:<\/b> Yeni Atlas Ultra modelimiz Nisan ay\u0131 sonu itibar\u0131yla kargoya verilmeye ba\u015flanacakt\u0131r. Tamamen yerel kaynaklarla \u00fcretilen bu yeni seriyi, \u00f6n sipari\u015f d\u00f6nemine \u00f6zel lansman fiyat\u0131yla \u015fimdi sat\u0131n alabilirsiniz.<\/p>\n<p data-path-to-node=\"2\"><b data-path-to-node=\"2\" data-index-in-node=\"0\">Atlas Ultra Jinekomasti Atleti<\/b>, serinin en kapsaml\u0131 ve en g\u00fc\u00e7l\u00fc modelidir. \u00d6zel geli\u015ftirilmi\u015f dikey kompresyon dokusu, g\u00f6\u011f\u00fcs, kar\u0131n ve s\u0131rt b\u00f6lgesini d\u00fczle\u015ftirirken omuz ve koltuk alt\u0131 b\u00f6lgesini de tamamen kavrayarak p\u00fcr\u00fczs\u00fcz bir hat olu\u015fturur. Kar\u0131n, s\u0131rt ve bel b\u00f6lgelerine tam destek sa\u011flar. Siyah rengi ve modern kesimiyle k\u0131yafetlerin alt\u0131ndan fark edilmez, d\u0131\u015far\u0131dan bak\u0131ld\u0131\u011f\u0131nda sporcu atleti g\u00f6r\u00fcn\u00fcm\u00fc verir.<\/p>\n<p data-path-to-node=\"3\">Jinekomasti rahats\u0131zl\u0131\u011f\u0131 olanlar taraf\u0131ndan maksimum d\u00fczle\u015ftirme ve \u00f6zg\u00fcven kazanmak i\u00e7in kullan\u0131labilece\u011fi gibi; jinekomasti ameliyat\u0131 sonras\u0131 \u00f6demi minimize etmek, dokular\u0131n sa\u011fl\u0131kl\u0131 bir \u015fekilde v\u00fccuda yerle\u015fmesini sa\u011flamak ve iyile\u015fme s\u00fcrecini h\u0131zland\u0131rmak i\u00e7in medikal korseye g\u00fc\u00e7l\u00fc bir alternatif olarak tasarlanm\u0131\u015ft\u0131r.<\/p>\n<p><strong style=\"color: #2c5987;\">\u00dcr\u00fcn \u00d6zellikleri<\/strong><\/p>\n<ul>\n<li>Yar\u0131m Kollu<\/li>\n<li>G\u00fc\u00e7lendirilmi\u015f Bask\u0131 (J93 ve J73 modellerine denk)<\/li>\n<li>Nefes Alan Kuma\u015f<\/li>\n<li>Spandex ve Microfiber Kuma\u015f<\/li>\n<\/ul>\n<p><strong style=\"color: #2c5987;\">Kullan\u0131m ve Bak\u0131m Talimat\u0131<\/strong><\/p>\n<p>Normal atlet giyer gibi giyiniz. Geli\u015fmi\u015f diki\u015fsiz dokusu sayesinde g\u00fcn boyu konforlu bir kullan\u0131m sunar. \u00dcr\u00fcn\u00fcn formunu korumas\u0131 i\u00e7in so\u011fuk su ile elde veya makinede (narin ayarda) y\u0131kanmas\u0131 ve ipte kurutulmas\u0131 tavsiye edilmektedir.<\/p>\n<p><strong style=\"color: #2c5987;\">Beden Se\u00e7imi<\/strong><\/p>\n<p>\u00dcr\u00fcnden azami fayda sa\u011flayabilmeniz i\u00e7in do\u011fru bedeni se\u00e7meniz \u00f6nemlidir. L\u00fctfen beden se\u00e7imini kulland\u0131\u011f\u0131n\u0131z di\u011fer giysilere g\u00f6re de\u011fil; g\u00f6\u011f\u00fcs \u00f6l\u00e7\u00fcn\u00fcz\u00fc al\u0131p beden tablosundaki de\u011ferlerle kar\u015f\u0131la\u015ft\u0131rarak yap\u0131n\u0131z.<\/p>\n<p><span style=\"color: #2c5987;\"><strong>Alternatif Kullan\u0131m Alanlar\u0131<\/strong><\/span><\/p>\n<p data-path-to-node=\"15\"><b data-path-to-node=\"15\" data-index-in-node=\"0\">Daha zay\u0131f ve fit bir g\u00f6r\u00fcn\u00fcm i\u00e7in<\/b><br \/>\nKoyu renk avantaj\u0131 ve dikey \u00e7izgili yap\u0131s\u0131yla kar\u0131n ve bel b\u00f6lgesindeki fazlal\u0131klar\u0131 etkili bir \u015fekilde saklar. \u00d6zel davetler, i\u015f g\u00f6r\u00fc\u015fmeleri veya kendinizi en iyi hissetmek istedi\u011finiz anlar i\u00e7in idealdir.<\/p>\n<p data-path-to-node=\"16\"><b data-path-to-node=\"16\" data-index-in-node=\"0\">Kilo kayb\u0131 ve deri sarkmalar\u0131 i\u00e7in<\/b><br \/>\nCiddi kilo kay\u0131plar\u0131 sonras\u0131 koltuk alt\u0131 ve g\u00f6\u011f\u00fcs \u00e7evresinde olu\u015fan deri sarkmalar\u0131n\u0131, yar\u0131m kollu yap\u0131s\u0131 sayesinde di\u011fer modellere g\u00f6re daha iyi toparlar ve gizler.<\/p>\n<p data-path-to-node=\"17\"><b data-path-to-node=\"17\" data-index-in-node=\"0\">Ameliyat sonras\u0131 (Post-Op) iyile\u015fme s\u00fcreci<\/b><br \/>\n\u00d6zellikle koltuk alt\u0131 b\u00f6lgesini de i\u00e7ine alan cerrahi m\u00fcdahaleler sonras\u0131 iyile\u015fmeyi h\u0131zland\u0131r\u0131r. Uygulad\u0131\u011f\u0131 dengeli bask\u0131 ile s\u0131v\u0131 birikimini (seroma) \u00f6nlemeye yard\u0131mc\u0131 olur ve kan dola\u015f\u0131m\u0131n\u0131 destekler.<\/p>\n<p data-path-to-node=\"18\"><b data-path-to-node=\"18\" data-index-in-node=\"0\">Duru\u015f bozukluklar\u0131 ve s\u0131rt deste\u011fi<\/b><br \/>\nArka panelindeki \u00f6zel dokuma, omuzlar\u0131 geriye \u00e7ekerek duru\u015funuzu d\u00fczeltmeye yard\u0131mc\u0131 olur, uzun s\u00fcre masa ba\u015f\u0131nda \u00e7al\u0131\u015fanlar i\u00e7in bel ve s\u0131rt deste\u011fi sa\u011flar.<\/p>\n<p data-path-to-node=\"19\"><b data-path-to-node=\"19\" data-index-in-node=\"0\">Spor ve Aktif Ya\u015fam<br \/>\n<\/b>Terletmeyen, esnek ve teknik kuma\u015f\u0131 spor s\u0131ras\u0131nda kaslar\u0131 s\u0131cak tutar. Siyah tasar\u0131m\u0131 sayesinde tek ba\u015f\u0131na bir spor \u00fcst\u00fc gibi de kullan\u0131labilir.<\/p>","protected":false},"excerpt":{"rendered":"<p>Yar\u0131m Kollu, G\u00fc\u00e7l\u00fc Bask\u0131 ve \u015eekillendirme, Extra Rahatl\u0131k, Ekonomik Fiyat, Spandex+Microfiber Kuma\u015f<\/p>","protected":false},"featured_media":20643,"comment_status":"open","ping_status":"closed","template":"","meta":[],"product_brand":[],"product_cat":[372],"product_tag":[377,69,73,74,76],"class_list":{"0":"post-20636","1":"product","2":"type-product","3":"status-publish","4":"has-post-thumbnail","6":"product_cat-atlas-serisi-jinekomasti-atletleri","7":"product_tag-ekonomik","8":"product_tag-extra-baski","9":"product_tag-extra-rahatlik","10":"product_tag-tek-katman","11":"product_tag-uzun-omurlu","12":"pa_beden-l-114-122-cm","13":"pa_beden-m-105-113-cm","14":"pa_beden-s-86-104-cm","15":"pa_beden-xl-123-136-cm","16":"pa_renk-beyaz","18":"first","19":"onbackorder","20":"shipping-taxable","21":"purchasable","22":"product-type-variable"},"_links":{"self":[{"href":"https:\/\/jinekomasti.com\/en\/wp-json\/wp\/v2\/product\/20636","targetHints":{"allow":["GET"]}}],"collection":[{"href":"https:\/\/jinekomasti.com\/en\/wp-json\/wp\/v2\/product"}],"about":[{"href":"https:\/\/jinekomasti.com\/en\/wp-json\/wp\/v2\/types\/product"}],"replies":[{"embeddable":true,"href":"https:\/\/jinekomasti.com\/en\/wp-json\/wp\/v2\/comments?post=20636"}],"wp:featuredmedia":[{"embeddable":true,"href":"https:\/\/jinekomasti.com\/en\/wp-json\/wp\/v2\/media\/20643"}],"wp:attachment":[{"href":"https:\/\/jinekomasti.com\/en\/wp-json\/wp\/v2\/media?parent=20636"}],"wp:term":[{"taxonomy":"product_brand","embeddable":true,"href":"https:\/\/jinekomasti.com\/en\/wp-json\/wp\/v2\/product_brand?post=20636"},{"taxonomy":"product_cat","embeddable":true,"href":"https:\/\/jinekomasti.com\/en\/wp-json\/wp\/v2\/product_cat?post=20636"},{"taxonomy":"product_tag","embeddable":true,"href":"https:\/\/jinekomasti.com\/en\/wp-json\/wp\/v2\/product_tag?post=20636"}],"curies":[{"name":"wp","href":"https:\/\/api.w.org\/{rel}","templated":true}]}}